{"id":13804,"date":"2021-08-26T13:50:50","date_gmt":"2021-08-26T13:50:50","guid":{"rendered":"https:\/\/moxiemicromobility.com\/devenir-distributeur-de-trottinettes-electriques\/"},"modified":"2023-05-01T12:03:56","modified_gmt":"2023-05-01T12:03:56","slug":"distributeur-trottinettes-electriques","status":"publish","type":"page","link":"https:\/\/moxiemicromobility.com\/fr\/distributeur-trottinettes-electriques\/","title":{"rendered":"Devenez un partenaire commercial de Moxie"},"content":{"rendered":"<p>[vc_row bg_check=\u00a0\u00bbrow-background-dark\u00a0\u00bb dfd_bg_style=\u00a0\u00bbimage\u00a0\u00bb dfd_bg_image_new=\u00a0\u00bb9806&Prime; dfd_bg_image_repeat=\u00a0\u00bbno-repeat\u00a0\u00bb dfd_bg_img_attach=\u00a0\u00bbfixed\u00a0\u00bb dfd_bg_image_position=\u00a0\u00bbcenter center\u00a0\u00bb dfd_bg_image_repeat_mobile=\u00a0\u00bbno-repeat\u00a0\u00bb dfd_bg_image_size_mobile=\u00a0\u00bbcover\u00a0\u00bb dfd_overlay_color=\u00a0\u00bb#000000&Prime; dfd_overlay_pattern=\u00a0\u00bbtransperant\u00a0\u00bb dfd_overlay_pattern_opacity=\u00a0\u00bb15&Prime; css=\u00a0\u00bb.vc_custom_1652266362949{background-position: center !important;background-repeat: no-repeat !important;background-size: cover !important;}\u00a0\u00bb dfd_bg_image_new_responsive=\u00a0\u00bb9806&Prime; dfd_bg_image_position_mobile=\u00a0\u00bbcenter center\u00a0\u00bb][vc_column dfd_column_responsive_enable=\u00a0\u00bbdfd-column-responsive-enable\u00a0\u00bb col_shadow=\u00a0\u00bbbox_shadow_enable:disable|shadow_horizontal:0|shadow_vertical:15|shadow_blur:50|shadow_spread:0|box_shadow_color:rgba(0%2C0%2C0%2C0.35)\u00a0\u00bb col_shadow_hover=\u00a0\u00bbbox_shadow_enable:disable|shadow_horizontal:0|shadow_vertical:15|shadow_blur:50|shadow_spread:0|box_shadow_color:rgba(0%2C0%2C0%2C0.35)\u00a0\u00bb responsive_styles=\u00a0\u00bbpadding_left_desktop:20|padding_right_desktop:20|padding_left_mobile:20|padding_right_mobile:20&Prime;]<div class=\"dfd-spacer-module\"  data-units=\"px\" data-wide_resolution=\"1280\" data-wide_size=\"100\" data-normal_resolution=\"1024\" data-normal_size=\"100\" data-tablet_resolution=\"800\" data-tablet_size=\"100\" data-mobile_resolution=\"480\" data-mobile_size=\"100\" style=\"height: 100px;\"><\/div>[vc_column_text]<\/p>\n<h1 style=\"text-align: center;\">Devenez un <span class=\"degrade-text\">partenaire commercial<\/span> de Moxie<\/h1>\n<p>[\/vc_column_text]<div class=\"dfd-spacer-module\"  data-units=\"px\" data-wide_resolution=\"1280\" data-wide_size=\"30\" data-normal_resolution=\"1024\" data-normal_size=\"30\" data-tablet_resolution=\"800\" data-tablet_size=\"30\" data-mobile_resolution=\"480\" data-mobile_size=\"30\" style=\"height: 30px;\"><\/div>[vc_row_inner][vc_column_inner width=\u00a0\u00bb1\/6&Prime;][\/vc_column_inner][vc_column_inner width=\u00a0\u00bb2\/3&Prime;][vc_column_text]<\/p>\n<p style=\"text-align: center;\">Devenez revendeur de trottinettes \u00e9lectriques si vous \u00eates passionn\u00e9 par les technologies durables et si vous \u00eates en accord avec les valeurs de Moxie. Nous aimerions vous rencontrer car, avant tout, nous sommes motiv\u00e9s pour construire une communaut\u00e9 de partenaires qui partagent notre philosophie.<\/p>\n<p style=\"text-align: center;\">However, if you prefer, you can also <a href=\"https:\/\/moxiemicromobility.com\/fr\/reunions-moxie\/\">schedule a meeting<\/a> with Moxie&rsquo;s Business Development team to know all the details of our Partner Program.<\/p>\n<p>[\/vc_column_text][\/vc_column_inner][vc_column_inner width=\u00a0\u00bb1\/6&Prime;][\/vc_column_inner][\/vc_row_inner]<div class=\"dfd-spacer-module\"  data-units=\"px\" data-wide_resolution=\"1280\" data-wide_size=\"50\" data-normal_resolution=\"1024\" data-normal_size=\"50\" data-tablet_resolution=\"800\" data-tablet_size=\"50\" data-mobile_resolution=\"480\" data-mobile_size=\"50\" style=\"height: 50px;\"><\/div>[vc_row_inner css=\u00a0\u00bb.vc_custom_1629880089946{background-color: rgba(0,0,0,0.51) !important;*background-color: rgb(0,0,0) !important;}\u00a0\u00bb][vc_column_inner width=\u00a0\u00bb1\/2&Prime; css=\u00a0\u00bb.vc_custom_1629880134657{padding: 50px !important;}\u00a0\u00bb col_inner_shadow=\u00a0\u00bbbox_shadow_enable:disable|shadow_horizontal:0|shadow_vertical:15|shadow_blur:50|shadow_spread:0|box_shadow_color:rgba(0%2C0%2C0%2C0.35)\u00a0\u00bb col_inner_shadow_hover=\u00a0\u00bbbox_shadow_enable:disable|shadow_horizontal:0|shadow_vertical:15|shadow_blur:50|shadow_spread:0|box_shadow_color:rgba(0%2C0%2C0%2C0.35)\u00a0\u00bb][vc_column_text]<\/p>\n<h6 style=\"text-align: center;\">Un engagement fondamental<\/h6>\n<p>[\/vc_column_text]<div class=\"dfd-spacer-module\"  data-units=\"px\" data-wide_resolution=\"1280\" data-wide_size=\"15\" data-normal_resolution=\"1024\" data-normal_size=\"15\" data-tablet_resolution=\"800\" data-tablet_size=\"15\" data-mobile_resolution=\"480\" data-mobile_size=\"15\" style=\"height: 15px;\"><\/div>[vc_raw_html]PGhyIHN0eWxlPSJib3JkZXI6IDFweCBzb2xpZDsgYm9yZGVyLWNvbG9yOiAjYjg5YTY0OyIvPg==[\/vc_raw_html]<div class=\"dfd-spacer-module\"  data-units=\"px\" data-wide_resolution=\"1280\" data-wide_size=\"15\" data-normal_resolution=\"1024\" data-normal_size=\"15\" data-tablet_resolution=\"800\" data-tablet_size=\"15\" data-mobile_resolution=\"480\" data-mobile_size=\"15\" style=\"height: 15px;\"><\/div>[vc_column_text]<\/p>\n<p style=\"text-align: center;\">Notre engagement repose sur la construction d&rsquo;un avenir durable qui respecte l&rsquo;environnement et s&rsquo;adapte aux besoins quotidiens de la mobilit\u00e9 urbaine.<\/p>\n<p style=\"text-align: center;\">C&rsquo;est pourquoi nous cherchons toujours \u00e0 int\u00e9grer de nouveaux partenaires commerciaux qui partagent notre philosophie et encouragent l&rsquo;utilisation de v\u00e9hicules \u00e9lectriques afin de cr\u00e9er une soci\u00e9t\u00e9 plus responsable.<\/p>\n<p>[\/vc_column_text][\/vc_column_inner][vc_column_inner width=\u00a0\u00bb1\/2&Prime; css=\u00a0\u00bb.vc_custom_1629880146760{padding: 50px !important;}\u00a0\u00bb col_inner_shadow=\u00a0\u00bbbox_shadow_enable:disable|shadow_horizontal:0|shadow_vertical:15|shadow_blur:50|shadow_spread:0|box_shadow_color:rgba(0%2C0%2C0%2C0.35)\u00a0\u00bb col_inner_shadow_hover=\u00a0\u00bbbox_shadow_enable:disable|shadow_horizontal:0|shadow_vertical:15|shadow_blur:50|shadow_spread:0|box_shadow_color:rgba(0%2C0%2C0%2C0.35)\u00a0\u00bb][vc_column_text]<\/p>\n<h6 style=\"text-align: center;\">We would love to meet you<\/h6>\n<p>[\/vc_column_text]<div class=\"dfd-spacer-module\"  data-units=\"px\" data-wide_resolution=\"1280\" data-wide_size=\"15\" data-normal_resolution=\"1024\" data-normal_size=\"15\" data-tablet_resolution=\"800\" data-tablet_size=\"15\" data-mobile_resolution=\"480\" data-mobile_size=\"15\" style=\"height: 15px;\"><\/div>[vc_raw_html]PGhyIHN0eWxlPSJib3JkZXI6IDFweCBzb2xpZDsgYm9yZGVyLWNvbG9yOiAjYjg5YTY0OyIvPg==[\/vc_raw_html]<div class=\"dfd-spacer-module\"  data-units=\"px\" data-wide_resolution=\"1280\" data-wide_size=\"15\" data-normal_resolution=\"1024\" data-normal_size=\"15\" data-tablet_resolution=\"800\" data-tablet_size=\"15\" data-mobile_resolution=\"480\" data-mobile_size=\"15\" style=\"height: 15px;\"><\/div>[vc_column_text]<\/p>\n<p style=\"text-align: center;\">Si vous partagez notre engagement \u00e0 prendre soin de la plan\u00e8te et souhaitez devenir distributeur de trottinettes \u00e9lectriques, nous pouvons cr\u00e9er des synergies de collaboration afin que notre message de durabilit\u00e9 et de soin de la plan\u00e8te touche le plus grand nombre de personnes possible.<\/p>\n<p>[\/vc_column_text][\/vc_column_inner][\/vc_row_inner]<div class=\"dfd-spacer-module\"  data-units=\"px\" data-wide_resolution=\"1280\" data-wide_size=\"50\" data-normal_resolution=\"1024\" data-normal_size=\"50\" data-tablet_resolution=\"800\" data-tablet_size=\"50\" data-mobile_resolution=\"480\" data-mobile_size=\"50\" style=\"height: 50px;\"><\/div>[vc_row_inner][vc_column_inner css=\u00a0\u00bb.vc_custom_1680178742660{padding-top: 50px !important;padding-right: 50px !important;padding-bottom: 50px !important;padding-left: 50px !important;background-color: rgba(0,0,0,0.5) !important;*background-color: rgb(0,0,0) !important;}\u00a0\u00bb col_inner_shadow=\u00a0\u00bbbox_shadow_enable:disable|shadow_horizontal:0|shadow_vertical:15|shadow_blur:50|shadow_spread:0|box_shadow_color:rgba(0%2C0%2C0%2C0.35)\u00a0\u00bb col_inner_shadow_hover=\u00a0\u00bbbox_shadow_enable:disable|shadow_horizontal:0|shadow_vertical:15|shadow_blur:50|shadow_spread:0|box_shadow_color:rgba(0%2C0%2C0%2C0.35)\u00a0\u00bb][vc_column_text]<\/p>\n<h3 style=\"text-align: center; color: #ffffff;\">REJOIGNEZ-NOUS<\/h3>\n<p>[\/vc_column_text]<div class=\"dfd-spacer-module\"  data-units=\"px\" data-wide_resolution=\"1280\" data-wide_size=\"15\" data-normal_resolution=\"1024\" data-normal_size=\"15\" data-tablet_resolution=\"800\" data-tablet_size=\"15\" data-mobile_resolution=\"480\" data-mobile_size=\"15\" style=\"height: 15px;\"><\/div>[vc_column_text]<\/p>\n<p style=\"text-align: center; color: #ffffff;\">Veuillez remplir le formulaire ci-dessous pour postuler en tant que Business Partner. Un expert Moxie vous contactera dans les plus brefs d\u00e9lais.<\/p>\n<p style=\"text-align: center; color: #ffffff;\">Nous vous remercions par avance de l&rsquo;int\u00e9r\u00eat que vous portez \u00e0 Moxie Micromobility.<\/p>\n<p>[\/vc_column_text]<div class=\"dfd-spacer-module\"  data-units=\"px\" data-wide_resolution=\"1280\" data-wide_size=\"15\" data-normal_resolution=\"1024\" data-normal_size=\"15\" data-tablet_resolution=\"800\" data-tablet_size=\"15\" data-mobile_resolution=\"480\" data-mobile_size=\"15\" style=\"height: 15px;\"><\/div>[vc_raw_html]PGRpdiBpZD0iemZfZGl2X193UUZzOFIzMVY4TWIyWkxiLS1FaHBiU1laZjdBb1JEQmU3VXZZYVpFdW8iPjwvZGl2PjxzY3JpcHQgdHlwZT0idGV4dC9qYXZhc2NyaXB0Ij4oZnVuY3Rpb24oKSB7DQp0cnl7DQp2YXIgZiA9IGRvY3VtZW50LmNyZWF0ZUVsZW1lbnQoImlmcmFtZSIpOyAgIA0KZi5zcmMgPSAnaHR0cHM6Ly9mb3Jtcy56b2hvcHVibGljLmNvbS9tb3hpZW1pY3JvbW9iaWxpdHkvZm9ybS9DbGllbnREZXRhaWxzL2Zvcm1wZXJtYS9fd1FGczhSMzFWOE1iMlpMYi0tRWhwYlNZWmY3QW9SREJlN1V2WWFaRXVvP3pmX2xhbmc9ZnImemZfcnN6Zm09MSc7DQpmLnN0eWxlLmJvcmRlcj0ibm9uZSI7ICAgICAgICAgICAgICAgICAgICAgICAgICAgICAgICAgICAgICAgICAgIA0KZi5zdHlsZS5oZWlnaHQ9IjE5MjhweCI7DQpmLnN0eWxlLndpZHRoPSIxMDAlIjsNCmYuc3R5bGUudHJhbnNpdGlvbj0iYWxsIDAuNXMgZWFzZSI7DQp2YXIgZCA9IGRvY3VtZW50LmdldEVsZW1lbnRCeUlkKCJ6Zl9kaXZfX3dRRnM4UjMxVjhNYjJaTGItLUVocGJTWVpmN0FvUkRCZTdVdllhWkV1byIpOw0KZC5hcHBlbmRDaGlsZChmKTsNCndpbmRvdy5hZGRFdmVudExpc3RlbmVyKCdtZXNzYWdlJywgZnVuY3Rpb24gKCl7DQp2YXIgZXZudERhdGEgPSBldmVudC5kYXRhOw0KaWYoIGV2bnREYXRhICYmIGV2bnREYXRhLmNvbnN0cnVjdG9yID09IFN0cmluZyApew0KdmFyIHpmX2lmcm1fZGF0YSA9IGV2bnREYXRhLnNwbGl0KCJ8Iik7DQppZiAoIHpmX2lmcm1fZGF0YS5sZW5ndGggPT0gMiApIHsNCnZhciB6Zl9wZXJtYSA9IHpmX2lmcm1fZGF0YVswXTsNCnZhciB6Zl9pZnJtX2h0X253ID0gKCBwYXJzZUludCh6Zl9pZnJtX2RhdGFbMV0sIDEwKSArIDE1ICkgKyAicHgiOw0KdmFyIGlmcmFtZSA9IGRvY3VtZW50LmdldEVsZW1lbnRCeUlkKCJ6Zl9kaXZfX3dRRnM4UjMxVjhNYjJaTGItLUVocGJTWVpmN0FvUkRCZTdVdllhWkV1byIpLmdldEVsZW1lbnRzQnlUYWdOYW1lKCJpZnJhbWUiKVswXTsNCmlmICggKGlmcmFtZS5zcmMpLmluZGV4T2YoJ2Zvcm1wZXJtYScpID4gMCAmJiAoaWZyYW1lLnNyYykuaW5kZXhPZih6Zl9wZXJtYSkgPiAwICkgew0KdmFyIHByZXZJZnJhbWVIZWlnaHQgPSBpZnJhbWUuc3R5bGUuaGVpZ2h0Ow0KaWYgKCBwcmV2SWZyYW1lSGVpZ2h0ICE9IHpmX2lmcm1faHRfbncgKSB7DQppZnJhbWUuc3R5bGUuaGVpZ2h0ID0gemZfaWZybV9odF9udzsNCn0gICANCn0NCn0NCn0NCn0sIGZhbHNlKTsNCn1jYXRjaChlKXt9DQp9KSgpOzwvc2NyaXB0Pg==[\/vc_raw_html]<div class=\"dfd-spacer-module\"  data-units=\"px\" data-wide_resolution=\"1280\" data-wide_size=\"15\" data-normal_resolution=\"1024\" data-normal_size=\"15\" data-tablet_resolution=\"800\" data-tablet_size=\"15\" data-mobile_resolution=\"480\" data-mobile_size=\"15\" style=\"height: 15px;\"><\/div>[\/vc_column_inner][\/vc_row_inner]<div class=\"dfd-spacer-module\"  data-units=\"px\" data-wide_resolution=\"1280\" data-wide_size=\"100\" data-normal_resolution=\"1024\" data-normal_size=\"100\" data-tablet_resolution=\"800\" data-tablet_size=\"100\" data-mobile_resolution=\"480\" data-mobile_size=\"100\" style=\"height: 100px;\"><\/div>[\/vc_column][\/vc_row][vc_row force_equal_height_columns=\u00a0\u00bbmain_row\u00a0\u00bb dfd_row_config=\u00a0\u00bbfull_width_content\u00a0\u00bb mobile_destroy_equal_heights=\u00a0\u00bbyes\u00a0\u00bb][vc_column width=\u00a0\u00bb1\/6&Prime; col_shadow=\u00a0\u00bbbox_shadow_enable:disable|shadow_horizontal:0|shadow_vertical:15|shadow_blur:50|shadow_spread:0|box_shadow_color:rgba(0%2C0%2C0%2C0.35)\u00a0\u00bb col_shadow_hover=\u00a0\u00bbbox_shadow_enable:disable|shadow_horizontal:0|shadow_vertical:15|shadow_blur:50|shadow_spread:0|box_shadow_color:rgba(0%2C0%2C0%2C0.35)\u00a0\u00bb]<div class=\"dfd-spacer-module\"  data-units=\"px\" data-wide_resolution=\"1280\" data-wide_size=\"20\" data-normal_resolution=\"1024\" data-normal_size=\"20\" data-tablet_resolution=\"800\" data-tablet_size=\"20\" data-mobile_resolution=\"480\" data-mobile_size=\"20\" style=\"height: 20px;\"><\/div>[vc_single_image image=\u00a0\u00bb11777&Prime; img_size=\u00a0\u00bbfull\u00a0\u00bb alignment=\u00a0\u00bbcenter\u00a0\u00bb img_link_target=\u00a0\u00bb_blank\u00a0\u00bb onclick=\u00a0\u00bbcustom_link\u00a0\u00bb link=\u00a0\u00bbhttps:\/\/www.instagram.com\/moxiemicromobility\/\u00a0\u00bb]<div class=\"dfd-spacer-module\"  data-units=\"px\" data-wide_resolution=\"1280\" data-wide_size=\"20\" data-normal_resolution=\"1024\" data-normal_size=\"20\" data-tablet_resolution=\"800\" data-tablet_size=\"20\" data-mobile_resolution=\"480\" data-mobile_size=\"20\" style=\"height: 20px;\"><\/div>[vc_column_text]<\/p>\n<h6 style=\"text-align: center;\">SUIVEZ-NOUS<\/h6>\n<p style=\"text-align: center; font-size: 12px; line-height: 20px;\"><a style=\"font-size: 12px; line-height: 20px;\" href=\"https:\/\/www.instagram.com\/moxiemicromobility\/\" target=\"_blank\" rel=\"noopener\">@moxiemicromobility<\/a><\/p>\n<p>[\/vc_column_text]<div class=\"dfd-spacer-module\"  data-units=\"px\" data-wide_resolution=\"1280\" data-wide_size=\"20\" data-normal_resolution=\"1024\" data-normal_size=\"20\" data-tablet_resolution=\"800\" data-tablet_size=\"20\" data-mobile_resolution=\"480\" data-mobile_size=\"20\" style=\"height: 20px;\"><\/div>[\/vc_column][vc_column width=\u00a0\u00bb5\/6&Prime; col_shadow=\u00a0\u00bbbox_shadow_enable:disable|shadow_horizontal:0|shadow_vertical:15|shadow_blur:50|shadow_spread:0|box_shadow_color:rgba(0%2C0%2C0%2C0.35)\u00a0\u00bb col_shadow_hover=\u00a0\u00bbbox_shadow_enable:disable|shadow_horizontal:0|shadow_vertical:15|shadow_blur:50|shadow_spread:0|box_shadow_color:rgba(0%2C0%2C0%2C0.35)\u00a0\u00bb][vc_raw_html]W2luc3RhZ3JhbS1mZWVkXQ==[\/vc_raw_html][\/vc_column][\/vc_row]<\/p>\n","protected":false},"excerpt":{"rendered":"<p>Devenez distributeur de trottinettes \u00e9lectriques si vous \u00eates passionn\u00e9 par les technologies durables et si vous adh\u00e9rez aux valeurs de Moxie.<\/p>\n","protected":false},"author":1,"featured_media":12453,"parent":0,"menu_order":0,"comment_status":"closed","ping_status":"closed","template":"page-custom-with-header.php","meta":{"_mi_skip_tracking":false,"_monsterinsights_sitenote_active":false,"_monsterinsights_sitenote_note":"","_monsterinsights_sitenote_category":0,"footnotes":""},"yoast_head":"<!-- This site is optimized with the Yoast SEO plugin v21.6 - https:\/\/yoast.com\/wordpress\/plugins\/seo\/ -->\n<title>Devenez distributeur de trottinettes \u00e9lectriques - Moxie Micromobility<\/title>\n<meta name=\"description\" content=\"Devenez distributeur de trottinettes \u00e9lectriques si vous \u00eates passionn\u00e9 par les technologies durables et si vous adh\u00e9rez aux valeurs de Moxie.\" \/>\n<meta name=\"robots\" content=\"index, follow, max-snippet:-1, max-image-preview:large, max-video-preview:-1\" \/>\n<link rel=\"canonical\" href=\"https:\/\/moxiemicromobility.com\/fr\/distributeur-trottinettes-electriques\/\" \/>\n<meta property=\"og:locale\" content=\"fr_FR\" \/>\n<meta property=\"og:type\" content=\"article\" \/>\n<meta property=\"og:title\" content=\"Devenez distributeur de trottinettes \u00e9lectriques\" \/>\n<meta property=\"og:description\" content=\"Devenez distributeur de trottinettes \u00e9lectriques si vous \u00eates passionn\u00e9 par les technologies durables et si vous adh\u00e9rez aux valeurs de Moxie.\" \/>\n<meta property=\"og:url\" content=\"https:\/\/moxiemicromobility.com\/fr\/distributeur-trottinettes-electriques\/\" \/>\n<meta property=\"og:site_name\" content=\"Moxie Micromobility\" \/>\n<meta property=\"article:publisher\" content=\"https:\/\/www.facebook.com\/moxiemicromobility\/\" \/>\n<meta property=\"article:modified_time\" content=\"2023-05-01T12:03:56+00:00\" \/>\n<meta property=\"og:image\" content=\"https:\/\/moxiemicromobility.com\/wp-content\/uploads\/2021\/09\/3-1024x640.jpg\" \/>\n<meta name=\"twitter:card\" content=\"summary_large_image\" \/>\n<meta name=\"twitter:title\" content=\"Devenez distributeur de trottinettes \u00e9lectriques\" \/>\n<meta name=\"twitter:description\" content=\"Devenez distributeur de trottinettes \u00e9lectriques si vous \u00eates passionn\u00e9 par les technologies durables et si vous adh\u00e9rez aux valeurs de Moxie.\" \/>\n<meta name=\"twitter:image\" content=\"https:\/\/moxiemicromobility.com\/wp-content\/uploads\/2021\/09\/3.jpg\" \/>\n<meta name=\"twitter:site\" content=\"@moxiemobility\" \/>\n<meta name=\"twitter:label1\" content=\"Dur\u00e9e de lecture estim\u00e9e\" \/>\n\t<meta name=\"twitter:data1\" content=\"7 minutes\" \/>\n<script type=\"application\/ld+json\" class=\"yoast-schema-graph\">{\"@context\":\"https:\/\/schema.org\",\"@graph\":[{\"@type\":\"WebPage\",\"@id\":\"https:\/\/moxiemicromobility.com\/fr\/distributeur-trottinettes-electriques\/\",\"url\":\"https:\/\/moxiemicromobility.com\/fr\/distributeur-trottinettes-electriques\/\",\"name\":\"Devenez distributeur de trottinettes \u00e9lectriques - Moxie Micromobility\",\"isPartOf\":{\"@id\":\"https:\/\/moxiemicromobility.com\/fr\/#website\"},\"datePublished\":\"2021-08-26T13:50:50+00:00\",\"dateModified\":\"2023-05-01T12:03:56+00:00\",\"description\":\"Devenez distributeur de trottinettes \u00e9lectriques si vous \u00eates passionn\u00e9 par les technologies durables et si vous adh\u00e9rez aux valeurs de Moxie.\",\"breadcrumb\":{\"@id\":\"https:\/\/moxiemicromobility.com\/fr\/distributeur-trottinettes-electriques\/#breadcrumb\"},\"inLanguage\":\"fr-FR\",\"potentialAction\":[{\"@type\":\"ReadAction\",\"target\":[\"https:\/\/moxiemicromobility.com\/fr\/distributeur-trottinettes-electriques\/\"]}]},{\"@type\":\"BreadcrumbList\",\"@id\":\"https:\/\/moxiemicromobility.com\/fr\/distributeur-trottinettes-electriques\/#breadcrumb\",\"itemListElement\":[{\"@type\":\"ListItem\",\"position\":1,\"name\":\"Home\",\"item\":\"https:\/\/moxiemicromobility.com\/fr\/moxie-micromobility\/\"},{\"@type\":\"ListItem\",\"position\":2,\"name\":\"Devenez un partenaire commercial de Moxie\"}]},{\"@type\":\"WebSite\",\"@id\":\"https:\/\/moxiemicromobility.com\/fr\/#website\",\"url\":\"https:\/\/moxiemicromobility.com\/fr\/\",\"name\":\"Moxie Micromobility\",\"description\":\"Moxie Micromobility is a premium, holistic, personal electric mobility solution designed to empower people\u2019s movement.\",\"publisher\":{\"@id\":\"https:\/\/moxiemicromobility.com\/fr\/#organization\"},\"potentialAction\":[{\"@type\":\"SearchAction\",\"target\":{\"@type\":\"EntryPoint\",\"urlTemplate\":\"https:\/\/moxiemicromobility.com\/fr\/?s={search_term_string}\"},\"query-input\":\"required name=search_term_string\"}],\"inLanguage\":\"fr-FR\"},{\"@type\":\"Organization\",\"@id\":\"https:\/\/moxiemicromobility.com\/fr\/#organization\",\"name\":\"Moxie Micromobility\",\"url\":\"https:\/\/moxiemicromobility.com\/fr\/\",\"logo\":{\"@type\":\"ImageObject\",\"inLanguage\":\"fr-FR\",\"@id\":\"https:\/\/moxiemicromobility.com\/fr\/#\/schema\/logo\/image\/\",\"url\":\"https:\/\/moxiemicromobility.com\/wp-content\/uploads\/2022\/06\/moxie-micromobility-logo-1920x1080-1-1920x1080.jpg\",\"contentUrl\":\"https:\/\/moxiemicromobility.com\/wp-content\/uploads\/2022\/06\/moxie-micromobility-logo-1920x1080-1-1920x1080.jpg\",\"width\":1920,\"height\":1080,\"caption\":\"Moxie Micromobility\"},\"image\":{\"@id\":\"https:\/\/moxiemicromobility.com\/fr\/#\/schema\/logo\/image\/\"},\"sameAs\":[\"https:\/\/www.facebook.com\/moxiemicromobility\/\",\"https:\/\/twitter.com\/moxiemobility\",\"https:\/\/www.instagram.com\/moxiemicromobility\/\",\"https:\/\/www.linkedin.com\/company\/moxiemicromobility\/\",\"https:\/\/www.pinterest.com\/moxiemicromobility\",\"https:\/\/www.youtube.com\/channel\/UCESX18SdP9a9YFlJ5DkfRPA\"]}]}<\/script>\n<!-- \/ Yoast SEO plugin. -->","yoast_head_json":{"title":"Devenez distributeur de trottinettes \u00e9lectriques - Moxie Micromobility","description":"Devenez distributeur de trottinettes \u00e9lectriques si vous \u00eates passionn\u00e9 par les technologies durables et si vous adh\u00e9rez aux valeurs de Moxie.","robots":{"index":"index","follow":"follow","max-snippet":"max-snippet:-1","max-image-preview":"max-image-preview:large","max-video-preview":"max-video-preview:-1"},"canonical":"https:\/\/moxiemicromobility.com\/fr\/distributeur-trottinettes-electriques\/","og_locale":"fr_FR","og_type":"article","og_title":"Devenez distributeur de trottinettes \u00e9lectriques","og_description":"Devenez distributeur de trottinettes \u00e9lectriques si vous \u00eates passionn\u00e9 par les technologies durables et si vous adh\u00e9rez aux valeurs de Moxie.","og_url":"https:\/\/moxiemicromobility.com\/fr\/distributeur-trottinettes-electriques\/","og_site_name":"Moxie Micromobility","article_publisher":"https:\/\/www.facebook.com\/moxiemicromobility\/","article_modified_time":"2023-05-01T12:03:56+00:00","og_image":[{"url":"https:\/\/moxiemicromobility.com\/wp-content\/uploads\/2021\/09\/3-1024x640.jpg"}],"twitter_card":"summary_large_image","twitter_title":"Devenez distributeur de trottinettes \u00e9lectriques","twitter_description":"Devenez distributeur de trottinettes \u00e9lectriques si vous \u00eates passionn\u00e9 par les technologies durables et si vous adh\u00e9rez aux valeurs de Moxie.","twitter_image":"https:\/\/moxiemicromobility.com\/wp-content\/uploads\/2021\/09\/3.jpg","twitter_site":"@moxiemobility","twitter_misc":{"Dur\u00e9e de lecture estim\u00e9e":"7 minutes"},"schema":{"@context":"https:\/\/schema.org","@graph":[{"@type":"WebPage","@id":"https:\/\/moxiemicromobility.com\/fr\/distributeur-trottinettes-electriques\/","url":"https:\/\/moxiemicromobility.com\/fr\/distributeur-trottinettes-electriques\/","name":"Devenez distributeur de trottinettes \u00e9lectriques - Moxie Micromobility","isPartOf":{"@id":"https:\/\/moxiemicromobility.com\/fr\/#website"},"datePublished":"2021-08-26T13:50:50+00:00","dateModified":"2023-05-01T12:03:56+00:00","description":"Devenez distributeur de trottinettes \u00e9lectriques si vous \u00eates passionn\u00e9 par les technologies durables et si vous adh\u00e9rez aux valeurs de Moxie.","breadcrumb":{"@id":"https:\/\/moxiemicromobility.com\/fr\/distributeur-trottinettes-electriques\/#breadcrumb"},"inLanguage":"fr-FR","potentialAction":[{"@type":"ReadAction","target":["https:\/\/moxiemicromobility.com\/fr\/distributeur-trottinettes-electriques\/"]}]},{"@type":"BreadcrumbList","@id":"https:\/\/moxiemicromobility.com\/fr\/distributeur-trottinettes-electriques\/#breadcrumb","itemListElement":[{"@type":"ListItem","position":1,"name":"Home","item":"https:\/\/moxiemicromobility.com\/fr\/moxie-micromobility\/"},{"@type":"ListItem","position":2,"name":"Devenez un partenaire commercial de Moxie"}]},{"@type":"WebSite","@id":"https:\/\/moxiemicromobility.com\/fr\/#website","url":"https:\/\/moxiemicromobility.com\/fr\/","name":"Moxie Micromobility","description":"Moxie Micromobility is a premium, holistic, personal electric mobility solution designed to empower people\u2019s movement.","publisher":{"@id":"https:\/\/moxiemicromobility.com\/fr\/#organization"},"potentialAction":[{"@type":"SearchAction","target":{"@type":"EntryPoint","urlTemplate":"https:\/\/moxiemicromobility.com\/fr\/?s={search_term_string}"},"query-input":"required name=search_term_string"}],"inLanguage":"fr-FR"},{"@type":"Organization","@id":"https:\/\/moxiemicromobility.com\/fr\/#organization","name":"Moxie Micromobility","url":"https:\/\/moxiemicromobility.com\/fr\/","logo":{"@type":"ImageObject","inLanguage":"fr-FR","@id":"https:\/\/moxiemicromobility.com\/fr\/#\/schema\/logo\/image\/","url":"https:\/\/moxiemicromobility.com\/wp-content\/uploads\/2022\/06\/moxie-micromobility-logo-1920x1080-1-1920x1080.jpg","contentUrl":"https:\/\/moxiemicromobility.com\/wp-content\/uploads\/2022\/06\/moxie-micromobility-logo-1920x1080-1-1920x1080.jpg","width":1920,"height":1080,"caption":"Moxie Micromobility"},"image":{"@id":"https:\/\/moxiemicromobility.com\/fr\/#\/schema\/logo\/image\/"},"sameAs":["https:\/\/www.facebook.com\/moxiemicromobility\/","https:\/\/twitter.com\/moxiemobility","https:\/\/www.instagram.com\/moxiemicromobility\/","https:\/\/www.linkedin.com\/company\/moxiemicromobility\/","https:\/\/www.pinterest.com\/moxiemicromobility","https:\/\/www.youtube.com\/channel\/UCESX18SdP9a9YFlJ5DkfRPA"]}]}},"_links":{"self":[{"href":"https:\/\/moxiemicromobility.com\/fr\/wp-json\/wp\/v2\/pages\/13804"}],"collection":[{"href":"https:\/\/moxiemicromobility.com\/fr\/wp-json\/wp\/v2\/pages"}],"about":[{"href":"https:\/\/moxiemicromobility.com\/fr\/wp-json\/wp\/v2\/types\/page"}],"author":[{"embeddable":true,"href":"https:\/\/moxiemicromobility.com\/fr\/wp-json\/wp\/v2\/users\/1"}],"replies":[{"embeddable":true,"href":"https:\/\/moxiemicromobility.com\/fr\/wp-json\/wp\/v2\/comments?post=13804"}],"version-history":[{"count":34,"href":"https:\/\/moxiemicromobility.com\/fr\/wp-json\/wp\/v2\/pages\/13804\/revisions"}],"predecessor-version":[{"id":21398,"href":"https:\/\/moxiemicromobility.com\/fr\/wp-json\/wp\/v2\/pages\/13804\/revisions\/21398"}],"wp:featuredmedia":[{"embeddable":true,"href":"https:\/\/moxiemicromobility.com\/fr\/wp-json\/wp\/v2\/media\/12453"}],"wp:attachment":[{"href":"https:\/\/moxiemicromobility.com\/fr\/wp-json\/wp\/v2\/media?parent=13804"}],"curies":[{"name":"wp","href":"https:\/\/api.w.org\/{rel}","templated":true}]}}