{"id":13327,"date":"2021-09-09T07:06:06","date_gmt":"2021-09-09T07:06:06","guid":{"rendered":"https:\/\/moxiemicromobility.com\/?page_id=13327"},"modified":"2023-04-17T10:36:10","modified_gmt":"2023-04-17T10:36:10","slug":"reclamacion-de-garantia","status":"publish","type":"page","link":"https:\/\/moxiemicromobility.com\/es\/moxie-business\/reclamacion-de-garantia\/","title":{"rendered":"Reclamaci\u00f3n de garant\u00eda"},"content":{"rendered":"<div class=\"swpm-post-not-logged-in-msg\">Debes acceder para ver \u00e9ste contenido. Por favor <a class=\"swpm-login-link\" href=\"https:\/\/moxiemicromobility.com\/ms-ml-login.php\">Acceder<\/a>. \u00bfA\u00fan no eres miembro? <a href=\"https:\/\/moxiemicromobility.com\/ms-ml-become.php\">\u00danete a nosotros<\/a><\/div>","protected":false},"excerpt":{"rendered":"<p>Debes acceder para ver \u00e9ste contenido. Por favor Acceder. \u00bfA\u00fan no eres miembro? \u00danete a nosotros<\/p>\n","protected":false},"author":1,"featured_media":17688,"parent":13301,"menu_order":0,"comment_status":"closed","ping_status":"closed","template":"page-custom-with-header.php","meta":{"_mi_skip_tracking":false,"_monsterinsights_sitenote_active":false,"_monsterinsights_sitenote_note":"","_monsterinsights_sitenote_category":0,"footnotes":""},"yoast_head":"<!-- This site is optimized with the Yoast SEO plugin v21.6 - https:\/\/yoast.com\/wordpress\/plugins\/seo\/ -->\n<title>Reclamaci\u00f3n de garant\u00eda - Moxie Micromobility<\/title>\n<meta name=\"description\" content=\"Contenido exclusivo para distribuidores y colaboradores de Moxie Micromobility.\" \/>\n<meta name=\"robots\" content=\"index, follow, max-snippet:-1, max-image-preview:large, max-video-preview:-1\" \/>\n<link rel=\"canonical\" href=\"https:\/\/moxiemicromobility.com\/es\/moxie-business\/reclamacion-de-garantia\/\" \/>\n<meta property=\"og:locale\" content=\"es_ES\" \/>\n<meta property=\"og:type\" content=\"article\" \/>\n<meta property=\"og:title\" content=\"Reclamaci\u00f3n de garant\u00eda - Moxie Micromobility\" \/>\n<meta property=\"og:description\" content=\"Contenido exclusivo para distribuidores y colaboradores de Moxie Micromobility.\" \/>\n<meta property=\"og:url\" content=\"https:\/\/moxiemicromobility.com\/es\/moxie-business\/reclamacion-de-garantia\/\" \/>\n<meta property=\"og:site_name\" content=\"Moxie Micromobility\" \/>\n<meta property=\"article:publisher\" content=\"https:\/\/www.facebook.com\/moxiemicromobility\/\" \/>\n<meta property=\"article:modified_time\" content=\"2023-04-17T10:36:10+00:00\" \/>\n<meta property=\"og:image\" content=\"https:\/\/moxiemicromobility.com\/wp-content\/uploads\/2022\/12\/moxie-business-1024x640.jpg\" \/>\n<meta name=\"twitter:card\" content=\"summary_large_image\" \/>\n<meta name=\"twitter:image\" content=\"https:\/\/moxiemicromobility.com\/wp-content\/uploads\/2022\/12\/moxie-business.jpg\" \/>\n<meta name=\"twitter:site\" content=\"@moxiemobility\" \/>\n<meta name=\"twitter:label1\" content=\"Tiempo de lectura\" \/>\n\t<meta name=\"twitter:data1\" content=\"7 minutos\" \/>\n<script type=\"application\/ld+json\" class=\"yoast-schema-graph\">{\"@context\":\"https:\/\/schema.org\",\"@graph\":[{\"@type\":\"WebPage\",\"@id\":\"https:\/\/moxiemicromobility.com\/es\/moxie-business\/reclamacion-de-garantia\/\",\"url\":\"https:\/\/moxiemicromobility.com\/es\/moxie-business\/reclamacion-de-garantia\/\",\"name\":\"Reclamaci\u00f3n de garant\u00eda - Moxie Micromobility\",\"isPartOf\":{\"@id\":\"https:\/\/moxiemicromobility.com\/es\/#website\"},\"datePublished\":\"2021-09-09T07:06:06+00:00\",\"dateModified\":\"2023-04-17T10:36:10+00:00\",\"description\":\"Contenido exclusivo para distribuidores y colaboradores de Moxie Micromobility.\",\"breadcrumb\":{\"@id\":\"https:\/\/moxiemicromobility.com\/es\/moxie-business\/reclamacion-de-garantia\/#breadcrumb\"},\"inLanguage\":\"es\",\"potentialAction\":[{\"@type\":\"ReadAction\",\"target\":[\"https:\/\/moxiemicromobility.com\/es\/moxie-business\/reclamacion-de-garantia\/\"]}]},{\"@type\":\"BreadcrumbList\",\"@id\":\"https:\/\/moxiemicromobility.com\/es\/moxie-business\/reclamacion-de-garantia\/#breadcrumb\",\"itemListElement\":[{\"@type\":\"ListItem\",\"position\":1,\"name\":\"Inicio\",\"item\":\"https:\/\/moxiemicromobility.com\/es\/moxie-micromobility\/\"},{\"@type\":\"ListItem\",\"position\":2,\"name\":\"Portal para empresas Moxie\",\"item\":\"https:\/\/moxiemicromobility.com\/es\/moxie-business\/\"},{\"@type\":\"ListItem\",\"position\":3,\"name\":\"Reclamaci\u00f3n de garant\u00eda\"}]},{\"@type\":\"WebSite\",\"@id\":\"https:\/\/moxiemicromobility.com\/es\/#website\",\"url\":\"https:\/\/moxiemicromobility.com\/es\/\",\"name\":\"Moxie Micromobility\",\"description\":\"Moxie Micromobility es una soluci\u00f3n de movilidad el\u00e9ctrica personal, hol\u00edstica y de primera calidad, dise\u00f1ada para potenciar el movimiento de las personas. \",\"publisher\":{\"@id\":\"https:\/\/moxiemicromobility.com\/es\/#organization\"},\"potentialAction\":[{\"@type\":\"SearchAction\",\"target\":{\"@type\":\"EntryPoint\",\"urlTemplate\":\"https:\/\/moxiemicromobility.com\/es\/?s={search_term_string}\"},\"query-input\":\"required name=search_term_string\"}],\"inLanguage\":\"es\"},{\"@type\":\"Organization\",\"@id\":\"https:\/\/moxiemicromobility.com\/es\/#organization\",\"name\":\"Moxie Micromobility\",\"url\":\"https:\/\/moxiemicromobility.com\/es\/\",\"logo\":{\"@type\":\"ImageObject\",\"inLanguage\":\"es\",\"@id\":\"https:\/\/moxiemicromobility.com\/es\/#\/schema\/logo\/image\/\",\"url\":\"https:\/\/moxiemicromobility.com\/wp-content\/uploads\/2022\/06\/moxie-micromobility-logo-1920x1080-1-1920x1080.jpg\",\"contentUrl\":\"https:\/\/moxiemicromobility.com\/wp-content\/uploads\/2022\/06\/moxie-micromobility-logo-1920x1080-1-1920x1080.jpg\",\"width\":1920,\"height\":1080,\"caption\":\"Moxie Micromobility\"},\"image\":{\"@id\":\"https:\/\/moxiemicromobility.com\/es\/#\/schema\/logo\/image\/\"},\"sameAs\":[\"https:\/\/www.facebook.com\/moxiemicromobility\/\",\"https:\/\/twitter.com\/moxiemobility\",\"https:\/\/www.instagram.com\/moxiemicromobility\/\",\"https:\/\/www.linkedin.com\/company\/moxiemicromobility\/\",\"https:\/\/www.pinterest.com\/moxiemicromobility\",\"https:\/\/www.youtube.com\/channel\/UCESX18SdP9a9YFlJ5DkfRPA\"]}]}<\/script>\n<!-- \/ Yoast SEO plugin. -->","yoast_head_json":{"title":"Reclamaci\u00f3n de garant\u00eda - Moxie Micromobility","description":"Contenido exclusivo para distribuidores y colaboradores de Moxie Micromobility.","robots":{"index":"index","follow":"follow","max-snippet":"max-snippet:-1","max-image-preview":"max-image-preview:large","max-video-preview":"max-video-preview:-1"},"canonical":"https:\/\/moxiemicromobility.com\/es\/moxie-business\/reclamacion-de-garantia\/","og_locale":"es_ES","og_type":"article","og_title":"Reclamaci\u00f3n de garant\u00eda - Moxie Micromobility","og_description":"Contenido exclusivo para distribuidores y colaboradores de Moxie Micromobility.","og_url":"https:\/\/moxiemicromobility.com\/es\/moxie-business\/reclamacion-de-garantia\/","og_site_name":"Moxie Micromobility","article_publisher":"https:\/\/www.facebook.com\/moxiemicromobility\/","article_modified_time":"2023-04-17T10:36:10+00:00","og_image":[{"url":"https:\/\/moxiemicromobility.com\/wp-content\/uploads\/2022\/12\/moxie-business-1024x640.jpg"}],"twitter_card":"summary_large_image","twitter_image":"https:\/\/moxiemicromobility.com\/wp-content\/uploads\/2022\/12\/moxie-business.jpg","twitter_site":"@moxiemobility","twitter_misc":{"Tiempo de lectura":"7 minutos"},"schema":{"@context":"https:\/\/schema.org","@graph":[{"@type":"WebPage","@id":"https:\/\/moxiemicromobility.com\/es\/moxie-business\/reclamacion-de-garantia\/","url":"https:\/\/moxiemicromobility.com\/es\/moxie-business\/reclamacion-de-garantia\/","name":"Reclamaci\u00f3n de garant\u00eda - Moxie Micromobility","isPartOf":{"@id":"https:\/\/moxiemicromobility.com\/es\/#website"},"datePublished":"2021-09-09T07:06:06+00:00","dateModified":"2023-04-17T10:36:10+00:00","description":"Contenido exclusivo para distribuidores y colaboradores de Moxie Micromobility.","breadcrumb":{"@id":"https:\/\/moxiemicromobility.com\/es\/moxie-business\/reclamacion-de-garantia\/#breadcrumb"},"inLanguage":"es","potentialAction":[{"@type":"ReadAction","target":["https:\/\/moxiemicromobility.com\/es\/moxie-business\/reclamacion-de-garantia\/"]}]},{"@type":"BreadcrumbList","@id":"https:\/\/moxiemicromobility.com\/es\/moxie-business\/reclamacion-de-garantia\/#breadcrumb","itemListElement":[{"@type":"ListItem","position":1,"name":"Inicio","item":"https:\/\/moxiemicromobility.com\/es\/moxie-micromobility\/"},{"@type":"ListItem","position":2,"name":"Portal para empresas Moxie","item":"https:\/\/moxiemicromobility.com\/es\/moxie-business\/"},{"@type":"ListItem","position":3,"name":"Reclamaci\u00f3n de garant\u00eda"}]},{"@type":"WebSite","@id":"https:\/\/moxiemicromobility.com\/es\/#website","url":"https:\/\/moxiemicromobility.com\/es\/","name":"Moxie Micromobility","description":"Moxie Micromobility es una soluci\u00f3n de movilidad el\u00e9ctrica personal, hol\u00edstica y de primera calidad, dise\u00f1ada para potenciar el movimiento de las personas. ","publisher":{"@id":"https:\/\/moxiemicromobility.com\/es\/#organization"},"potentialAction":[{"@type":"SearchAction","target":{"@type":"EntryPoint","urlTemplate":"https:\/\/moxiemicromobility.com\/es\/?s={search_term_string}"},"query-input":"required name=search_term_string"}],"inLanguage":"es"},{"@type":"Organization","@id":"https:\/\/moxiemicromobility.com\/es\/#organization","name":"Moxie Micromobility","url":"https:\/\/moxiemicromobility.com\/es\/","logo":{"@type":"ImageObject","inLanguage":"es","@id":"https:\/\/moxiemicromobility.com\/es\/#\/schema\/logo\/image\/","url":"https:\/\/moxiemicromobility.com\/wp-content\/uploads\/2022\/06\/moxie-micromobility-logo-1920x1080-1-1920x1080.jpg","contentUrl":"https:\/\/moxiemicromobility.com\/wp-content\/uploads\/2022\/06\/moxie-micromobility-logo-1920x1080-1-1920x1080.jpg","width":1920,"height":1080,"caption":"Moxie Micromobility"},"image":{"@id":"https:\/\/moxiemicromobility.com\/es\/#\/schema\/logo\/image\/"},"sameAs":["https:\/\/www.facebook.com\/moxiemicromobility\/","https:\/\/twitter.com\/moxiemobility","https:\/\/www.instagram.com\/moxiemicromobility\/","https:\/\/www.linkedin.com\/company\/moxiemicromobility\/","https:\/\/www.pinterest.com\/moxiemicromobility","https:\/\/www.youtube.com\/channel\/UCESX18SdP9a9YFlJ5DkfRPA"]}]}},"_links":{"self":[{"href":"https:\/\/moxiemicromobility.com\/es\/wp-json\/wp\/v2\/pages\/13327"}],"collection":[{"href":"https:\/\/moxiemicromobility.com\/es\/wp-json\/wp\/v2\/pages"}],"about":[{"href":"https:\/\/moxiemicromobility.com\/es\/wp-json\/wp\/v2\/types\/page"}],"author":[{"embeddable":true,"href":"https:\/\/moxiemicromobility.com\/es\/wp-json\/wp\/v2\/users\/1"}],"replies":[{"embeddable":true,"href":"https:\/\/moxiemicromobility.com\/es\/wp-json\/wp\/v2\/comments?post=13327"}],"version-history":[{"count":27,"href":"https:\/\/moxiemicromobility.com\/es\/wp-json\/wp\/v2\/pages\/13327\/revisions"}],"predecessor-version":[{"id":21351,"href":"https:\/\/moxiemicromobility.com\/es\/wp-json\/wp\/v2\/pages\/13327\/revisions\/21351"}],"up":[{"embeddable":true,"href":"https:\/\/moxiemicromobility.com\/es\/wp-json\/wp\/v2\/pages\/13301"}],"wp:featuredmedia":[{"embeddable":true,"href":"https:\/\/moxiemicromobility.com\/es\/wp-json\/wp\/v2\/media\/17688"}],"wp:attachment":[{"href":"https:\/\/moxiemicromobility.com\/es\/wp-json\/wp\/v2\/media?parent=13327"}],"curies":[{"name":"wp","href":"https:\/\/api.w.org\/{rel}","templated":true}]}}