{"id":13310,"date":"2021-08-16T22:37:03","date_gmt":"2021-08-16T22:37:03","guid":{"rendered":"https:\/\/moxiemicromobility.com\/?page_id=13310"},"modified":"2023-04-17T10:35:43","modified_gmt":"2023-04-17T10:35:43","slug":"reestablecer-contrasena","status":"publish","type":"page","link":"https:\/\/moxiemicromobility.com\/es\/moxie-business\/reestablecer-contrasena\/","title":{"rendered":"Reestablecer contrase\u00f1a"},"content":{"rendered":"<p>[vc_row bg_check=\u00bbrow-background-dark\u00bb dfd_bg_style=\u00bbimage\u00bb dfd_bg_image_new=\u00bb8055&#8243; dfd_bg_image_repeat=\u00bbno-repeat\u00bb dfd_bg_img_attach=\u00bbfixed\u00bb dfd_overlay_color=\u00bb#000000&#8243; dfd_overlay_pattern=\u00bbtransperant\u00bb dfd_overlay_pattern_opacity=\u00bb50&#8243; css=\u00bb.vc_custom_1679486746825{background-position: center !important;background-repeat: no-repeat !important;background-size: cover !important;}\u00bb dfd_bg_image_new_responsive=\u00bb9806&#8243;][vc_column dfd_column_responsive_enable=\u00bbdfd-column-responsive-enable\u00bb col_shadow=\u00bbbox_shadow_enable:disable|shadow_horizontal:0|shadow_vertical:15|shadow_blur:50|shadow_spread:0|box_shadow_color:rgba(0%2C0%2C0%2C0.35)\u00bb col_shadow_hover=\u00bbbox_shadow_enable:disable|shadow_horizontal:0|shadow_vertical:15|shadow_blur:50|shadow_spread:0|box_shadow_color:rgba(0%2C0%2C0%2C0.35)\u00bb responsive_styles=\u00bbpadding_left_desktop:20|padding_right_desktop:20|padding_left_mobile:20|padding_right_mobile:20&#8243;]<div class=\"dfd-spacer-module\"  data-units=\"px\" data-wide_resolution=\"1280\" data-wide_size=\"100\" data-normal_resolution=\"1024\" data-normal_size=\"100\" data-tablet_resolution=\"800\" data-tablet_size=\"100\" data-mobile_resolution=\"480\" data-mobile_size=\"100\" style=\"height: 100px;\"><\/div>[vc_row_inner][vc_column_inner width=\u00bb1\/12&#8243;][\/vc_column_inner][vc_column_inner width=\u00bb10\/12&#8243;][vc_column_text]<\/p>\n<h1 style=\"text-align: center;\">Reestablecer <span class=\"degrade-text\">contrase\u00f1a<\/span><\/h1>\n<p>[\/vc_column_text]<div class=\"dfd-spacer-module\"  data-units=\"px\" data-wide_resolution=\"1280\" data-wide_size=\"15\" data-normal_resolution=\"1024\" data-normal_size=\"15\" data-tablet_resolution=\"800\" data-tablet_size=\"15\" data-mobile_resolution=\"480\" data-mobile_size=\"15\" style=\"height: 15px;\"><\/div>[vc_column_text]<\/p>\n<p style=\"text-align: center;\">\u00a1Bienvenido al sitio web de <strong>Moxie<\/strong>! Entendemos que puedes haber olvidado tu contrase\u00f1a para acceder a nuestro sitio. No te preocupes, te ayudamos. Hemos creado una forma sencilla y segura para que puedas restablecer tu contrase\u00f1a y recuperar el acceso a nuestro sitio web.<\/p>\n<p style=\"text-align: center;\">Para iniciar el proceso, introduce tu correo electr\u00f3nico en el campo de abajo y haz clic en el bot\u00f3n \u00abRestablecer contrase\u00f1a\u00bb. Recibir\u00e1s un correo electr\u00f3nico con un enlace seguro e instrucciones para restablecer tu contrase\u00f1a.<\/p>\n<p style=\"text-align: center;\">Si tienes alguna pregunta sobre c\u00f3mo restablecer tu contrase\u00f1a, no dudes en ponerte en contacto con nosotros en <strong><a href=\"mailto:business@moxiemicromobility.com\">business@moxiemicromobility.com<\/a><\/strong>. Nuestro equipo est\u00e1 listo y dispuesto a ayudarte en todo lo que nos sea posible. Gracias por elegir <strong>Moxie Micromobility<\/strong>. Esperamos poder ayudarte a recuperar el acceso a nuestro sitio web.<\/p>\n<p>[\/vc_column_text][\/vc_column_inner][vc_column_inner width=\u00bb1\/12&#8243;][\/vc_column_inner][\/vc_row_inner]<div class=\"dfd-spacer-module\"  data-units=\"px\" data-wide_resolution=\"1280\" data-wide_size=\"50\" data-normal_resolution=\"1024\" data-normal_size=\"50\" data-tablet_resolution=\"800\" data-tablet_size=\"50\" data-mobile_resolution=\"480\" data-mobile_size=\"50\" style=\"height: 50px;\"><\/div>[vc_row_inner][vc_column_inner width=\u00bb1\/12&#8243; col_inner_shadow=\u00bbbox_shadow_enable:disable|shadow_horizontal:0|shadow_vertical:15|shadow_blur:50|shadow_spread:0|box_shadow_color:rgba(0%2C0%2C0%2C0.35)\u00bb col_inner_shadow_hover=\u00bbbox_shadow_enable:disable|shadow_horizontal:0|shadow_vertical:15|shadow_blur:50|shadow_spread:0|box_shadow_color:rgba(0%2C0%2C0%2C0.35)\u00bb][\/vc_column_inner][vc_column_inner width=\u00bb10\/12&#8243; css=\u00bb.vc_custom_1631537232549{padding: 50px !important;background-color: rgba(0,0,0,0.51) !important;*background-color: rgb(0,0,0) !important;}\u00bb col_inner_shadow=\u00bbbox_shadow_enable:disable|shadow_horizontal:0|shadow_vertical:15|shadow_blur:50|shadow_spread:0|box_shadow_color:rgba(0%2C0%2C0%2C0.35)\u00bb col_inner_shadow_hover=\u00bbbox_shadow_enable:disable|shadow_horizontal:0|shadow_vertical:15|shadow_blur:50|shadow_spread:0|box_shadow_color:rgba(0%2C0%2C0%2C0.35)\u00bb][vc_raw_html]W3N3cG1fcmVzZXRfZm9ybV0=[\/vc_raw_html][\/vc_column_inner][vc_column_inner width=\u00bb1\/12&#8243; col_inner_shadow=\u00bbbox_shadow_enable:disable|shadow_horizontal:0|shadow_vertical:15|shadow_blur:50|shadow_spread:0|box_shadow_color:rgba(0%2C0%2C0%2C0.35)\u00bb col_inner_shadow_hover=\u00bbbox_shadow_enable:disable|shadow_horizontal:0|shadow_vertical:15|shadow_blur:50|shadow_spread:0|box_shadow_color:rgba(0%2C0%2C0%2C0.35)\u00bb][\/vc_column_inner][\/vc_row_inner]<div class=\"dfd-spacer-module\"  data-units=\"px\" data-wide_resolution=\"1280\" data-wide_size=\"50\" data-normal_resolution=\"1024\" data-normal_size=\"50\" data-tablet_resolution=\"800\" data-tablet_size=\"50\" data-mobile_resolution=\"480\" data-mobile_size=\"50\" style=\"height: 50px;\"><\/div>[\/vc_column][\/vc_row][vc_row bg_check=\u00bbrow-background-dark\u00bb dfd_enable_overlay=\u00bb\u00bb css=\u00bb.vc_custom_1632228151491{background-position: center !important;background-repeat: no-repeat !important;background-size: cover !important;}\u00bb][vc_column dfd_column_responsive_enable=\u00bbdfd-column-responsive-enable\u00bb col_shadow=\u00bbbox_shadow_enable:disable|shadow_horizontal:0|shadow_vertical:15|shadow_blur:50|shadow_spread:0|box_shadow_color:rgba(0%2C0%2C0%2C0.35)\u00bb col_shadow_hover=\u00bbbox_shadow_enable:disable|shadow_horizontal:0|shadow_vertical:15|shadow_blur:50|shadow_spread:0|box_shadow_color:rgba(0%2C0%2C0%2C0.35)\u00bb responsive_styles=\u00bbpadding_left_desktop:20|padding_right_desktop:20|padding_left_mobile:20|padding_right_mobile:20&#8243;]<div class=\"dfd-spacer-module\"  data-units=\"px\" data-wide_resolution=\"1280\" data-wide_size=\"50\" data-normal_resolution=\"1024\" data-normal_size=\"50\" data-tablet_resolution=\"800\" data-tablet_size=\"50\" data-mobile_resolution=\"480\" data-mobile_size=\"50\" style=\"height: 50px;\"><\/div>[\/vc_column][\/vc_row][vc_row bg_check=\u00bbrow-background-dark\u00bb dfd_enable_overlay=\u00bb\u00bb css=\u00bb.vc_custom_1632228151491{background-position: center !important;background-repeat: no-repeat !important;background-size: cover !important;}\u00bb][vc_column width=\u00bb1\/4&#8243; dfd_column_responsive_enable=\u00bbdfd-column-responsive-enable\u00bb col_shadow=\u00bbbox_shadow_enable:disable|shadow_horizontal:0|shadow_vertical:15|shadow_blur:50|shadow_spread:0|box_shadow_color:rgba(0%2C0%2C0%2C0.35)\u00bb col_shadow_hover=\u00bbbox_shadow_enable:disable|shadow_horizontal:0|shadow_vertical:15|shadow_blur:50|shadow_spread:0|box_shadow_color:rgba(0%2C0%2C0%2C0.35)\u00bb responsive_styles=\u00bbpadding_left_desktop:20|padding_right_desktop:20|padding_left_mobile:20|padding_right_mobile:20&#8243; css=\u00bb.vc_custom_1654167090486{padding: 25px !important;background-color: #191919 !important;border: 25px solid #000000 !important;}\u00bb]<div id=\"idinfobox69e7913e9592d\" class=\"dfd-info-box clearfix style-01 layout-01  idinfobox69e7913e9592d text-center\" ><div class=\"dfd-animate-container\"><div class=\"icon-wrapper\"><div class=\"module-icon\" ><div class=\"hover-layer\" ><\/div><i class=\"featured-icon dfd-icon-chat dfd_icon_set-icon-chat\" style=\"font-size:50px; color:#b89a64; opacity:1;\" data-hover=\"#ffffff\"><\/i><\/div><\/div><h6 class=\"info-box-title \" style=\"\">Programa una reuni\u00f3n<\/h6><div class=\"description\" style=\"\"><\/div><a href=\"https:\/\/moxiemicromobility.com\/es\/moxie-business\/programa-una-reunion\/\"   class=\"full-box-link\"><\/a>\t\t\t\t\t<script>\r\n\t\t\t\t\t\t(function($){\r\n\t\t\t\t\t\t\t$('head').append('<style type=\"text\/css\"> .idinfobox69e7913e9592d:hover .module-icon i {color: #ffffff !important;}<\/style>');\r\n\t\t\t\t\t\t})(jQuery)\r\n\t\t\t\t\t<\/script>\r\n\r\n\t\t\t\t<\/div><\/div>[\/vc_column][vc_column width=\u00bb1\/4&#8243; css=\u00bb.vc_custom_1654167117483{padding: 25px !important;background-color: #191919 !important;border: 25px solid #000000 !important;}\u00bb col_shadow=\u00bbbox_shadow_enable:disable|shadow_horizontal:0|shadow_vertical:15|shadow_blur:50|shadow_spread:0|box_shadow_color:rgba(0%2C0%2C0%2C0.35)\u00bb col_shadow_hover=\u00bbbox_shadow_enable:disable|shadow_horizontal:0|shadow_vertical:15|shadow_blur:50|shadow_spread:0|box_shadow_color:rgba(0%2C0%2C0%2C0.35)\u00bb]<div id=\"idinfobox69e7913e95a56\" class=\"dfd-info-box clearfix style-01 layout-01  idinfobox69e7913e95a56 text-center\" ><div class=\"dfd-animate-container\"><div class=\"icon-wrapper\"><div class=\"module-icon\" ><div class=\"hover-layer\" ><\/div><i class=\"featured-icon dfd-icon-cloud_download dfd_icon_set-icon-cloud_download\" style=\"font-size:50px; color:#b89a64; opacity:1;\" data-hover=\"#ffffff\"><\/i><\/div><\/div><h6 class=\"info-box-title \" style=\"\">Descargas<\/h6><div class=\"description\" style=\"\"><\/div><a href=\"https:\/\/moxiemicromobility.com\/es\/moxie-business\/descargas\/\"   class=\"full-box-link\"><\/a>\t\t\t\t\t<script>\r\n\t\t\t\t\t\t(function($){\r\n\t\t\t\t\t\t\t$('head').append('<style type=\"text\/css\"> .idinfobox69e7913e95a56:hover .module-icon i {color: #ffffff !important;}<\/style>');\r\n\t\t\t\t\t\t})(jQuery)\r\n\t\t\t\t\t<\/script>\r\n\r\n\t\t\t\t<\/div><\/div>[\/vc_column][vc_column width=\u00bb1\/4&#8243; css=\u00bb.vc_custom_1654167131072{padding: 25px !important;background-color: #191919 !important;border: 25px solid #000000 !important;}\u00bb col_shadow=\u00bbbox_shadow_enable:disable|shadow_horizontal:0|shadow_vertical:15|shadow_blur:50|shadow_spread:0|box_shadow_color:rgba(0%2C0%2C0%2C0.35)\u00bb col_shadow_hover=\u00bbbox_shadow_enable:disable|shadow_horizontal:0|shadow_vertical:15|shadow_blur:50|shadow_spread:0|box_shadow_color:rgba(0%2C0%2C0%2C0.35)\u00bb]<div id=\"idinfobox69e7913e95b17\" class=\"dfd-info-box clearfix style-01 layout-01  idinfobox69e7913e95b17 text-center\" ><div class=\"dfd-animate-container\"><div class=\"icon-wrapper\"><div class=\"module-icon\" ><div class=\"hover-layer\" ><\/div><i class=\"featured-icon dfd-icon-shop dfd_icon_set-icon-shop\" style=\"font-size:50px; color:#b89a64; opacity:1;\" data-hover=\"#ffffff\"><\/i><\/div><\/div><h6 class=\"info-box-title \" style=\"\">Pedidos<\/h6><div class=\"description\" style=\"\"><\/div><a href=\"https:\/\/moxiemicromobility.com\/es\/moxie-business\/pedidos\/\"   class=\"full-box-link\"><\/a>\t\t\t\t\t<script>\r\n\t\t\t\t\t\t(function($){\r\n\t\t\t\t\t\t\t$('head').append('<style type=\"text\/css\"> .idinfobox69e7913e95b17:hover .module-icon i {color: #ffffff !important;}<\/style>');\r\n\t\t\t\t\t\t})(jQuery)\r\n\t\t\t\t\t<\/script>\r\n\r\n\t\t\t\t<\/div><\/div>[\/vc_column][vc_column width=\u00bb1\/4&#8243; css=\u00bb.vc_custom_1679485135900{padding: 25px !important;background-color: #191919 !important;border: 25px solid #000000 !important;}\u00bb col_shadow=\u00bbbox_shadow_enable:disable|shadow_horizontal:0|shadow_vertical:15|shadow_blur:50|shadow_spread:0|box_shadow_color:rgba(0%2C0%2C0%2C0.35)\u00bb col_shadow_hover=\u00bbbox_shadow_enable:disable|shadow_horizontal:0|shadow_vertical:15|shadow_blur:50|shadow_spread:0|box_shadow_color:rgba(0%2C0%2C0%2C0.35)\u00bb]<div id=\"idinfobox69e7913e95bd0\" class=\"dfd-info-box clearfix style-01 layout-01  idinfobox69e7913e95bd0 text-center\" ><div class=\"dfd-animate-container\"><div class=\"icon-wrapper\"><div class=\"module-icon\" ><div class=\"hover-layer\" ><\/div><i class=\"featured-icon dfd-icon-clipboard_check dfd_icon_set-icon-clipboard_check\" style=\"font-size:50px; color:#b89a64; opacity:1;\" data-hover=\"#ffffff\"><\/i><\/div><\/div><h6 class=\"info-box-title \" style=\"\">Reclamaci\u00f3n de garant\u00eda<\/h6><div class=\"description\" style=\"\"><\/div><a href=\"https:\/\/moxiemicromobility.com\/es\/moxie-business\/reclamacion-de-garantia\/\"   class=\"full-box-link\"><\/a>\t\t\t\t\t<script>\r\n\t\t\t\t\t\t(function($){\r\n\t\t\t\t\t\t\t$('head').append('<style type=\"text\/css\"> .idinfobox69e7913e95bd0:hover .module-icon i {color: #ffffff !important;}<\/style>');\r\n\t\t\t\t\t\t})(jQuery)\r\n\t\t\t\t\t<\/script>\r\n\r\n\t\t\t\t<\/div><\/div>[\/vc_column][\/vc_row][vc_row bg_check=\u00bbrow-background-dark\u00bb dfd_enable_overlay=\u00bb\u00bb css=\u00bb.vc_custom_1632228151491{background-position: center !important;background-repeat: no-repeat !important;background-size: cover !important;}\u00bb][vc_column dfd_column_responsive_enable=\u00bbdfd-column-responsive-enable\u00bb col_shadow=\u00bbbox_shadow_enable:disable|shadow_horizontal:0|shadow_vertical:15|shadow_blur:50|shadow_spread:0|box_shadow_color:rgba(0%2C0%2C0%2C0.35)\u00bb col_shadow_hover=\u00bbbox_shadow_enable:disable|shadow_horizontal:0|shadow_vertical:15|shadow_blur:50|shadow_spread:0|box_shadow_color:rgba(0%2C0%2C0%2C0.35)\u00bb responsive_styles=\u00bbpadding_left_desktop:20|padding_right_desktop:20|padding_left_mobile:20|padding_right_mobile:20&#8243;]<div class=\"dfd-spacer-module\"  data-units=\"px\" data-wide_resolution=\"1280\" data-wide_size=\"100\" data-normal_resolution=\"1024\" data-normal_size=\"100\" data-tablet_resolution=\"800\" data-tablet_size=\"100\" data-mobile_resolution=\"480\" data-mobile_size=\"100\" style=\"height: 100px;\"><\/div>[\/vc_column][\/vc_row]<\/p>\n","protected":false},"excerpt":{"rendered":"<p>[vc_row bg_check=\u00bbrow-background-dark\u00bb dfd_bg_style=\u00bbimage\u00bb dfd_bg_image_new=\u00bb8055&#8243; dfd_bg_image_repeat=\u00bbno-repeat\u00bb dfd_bg_img_attach=\u00bbfixed\u00bb dfd_overlay_color=\u00bb#000000&#8243; dfd_overlay_pattern=\u00bbtransperant\u00bb dfd_overlay_pattern_opacity=\u00bb50&#8243; css=\u00bb.vc_custom_1679486746825{background-position: center !important;background-repeat: no-repeat !important;background-size: cover !important;}\u00bb dfd_bg_image_new_responsive=\u00bb9806&#8243;][vc_column dfd_column_responsive_enable=\u00bbdfd-column-responsive-enable\u00bb col_shadow=\u00bbbox_shadow_enable:disable|shadow_horizontal:0|shadow_vertical:15|shadow_blur:50|shadow_spread:0|box_shadow_color:rgba(0%2C0%2C0%2C0.35)\u00bb col_shadow_hover=\u00bbbox_shadow_enable:disable|shadow_horizontal:0|shadow_vertical:15|shadow_blur:50|shadow_spread:0|box_shadow_color:rgba(0%2C0%2C0%2C0.35)\u00bb responsive_styles=\u00bbpadding_left_desktop:20|padding_right_desktop:20|padding_left_mobile:20|padding_right_mobile:20&#8243;][vc_row_inner][vc_column_inner width=\u00bb1\/12&#8243;][\/vc_column_inner][vc_column_inner width=\u00bb10\/12&#8243;][vc_column_text] Reestablecer contrase\u00f1a [\/vc_column_text][vc_column_text] \u00a1Bienvenido al sitio web<\/p>\n","protected":false},"author":1,"featured_media":17695,"parent":13301,"menu_order":0,"comment_status":"closed","ping_status":"closed","template":"page-custom-with-header.php","meta":{"_mi_skip_tracking":false,"_monsterinsights_sitenote_active":false,"_monsterinsights_sitenote_note":"","_monsterinsights_sitenote_category":0,"footnotes":""},"yoast_head":"<!-- This site is optimized with the Yoast SEO plugin v21.6 - https:\/\/yoast.com\/wordpress\/plugins\/seo\/ -->\n<title>Reestablecer contrase\u00f1a - Moxie Micromobility<\/title>\n<meta name=\"robots\" content=\"noindex, nofollow\" \/>\n<meta property=\"og:locale\" content=\"es_ES\" \/>\n<meta property=\"og:type\" content=\"article\" \/>\n<meta property=\"og:title\" content=\"Reestablecer contrase\u00f1a - Moxie Micromobility\" \/>\n<meta property=\"og:description\" content=\"[vc_row bg_check=\u00bbrow-background-dark\u00bb dfd_bg_style=\u00bbimage\u00bb dfd_bg_image_new=\u00bb8055&#8243; dfd_bg_image_repeat=\u00bbno-repeat\u00bb dfd_bg_img_attach=\u00bbfixed\u00bb dfd_overlay_color=\u00bb#000000&#8243; dfd_overlay_pattern=\u00bbtransperant\u00bb dfd_overlay_pattern_opacity=\u00bb50&#8243; css=\u00bb.vc_custom_1679486746825{background-position: center !important;background-repeat: no-repeat !important;background-size: cover !important;}\u00bb dfd_bg_image_new_responsive=\u00bb9806&#8243;][vc_column dfd_column_responsive_enable=\u00bbdfd-column-responsive-enable\u00bb col_shadow=\u00bbbox_shadow_enable:disable|shadow_horizontal:0|shadow_vertical:15|shadow_blur:50|shadow_spread:0|box_shadow_color:rgba(0%2C0%2C0%2C0.35)\u00bb col_shadow_hover=\u00bbbox_shadow_enable:disable|shadow_horizontal:0|shadow_vertical:15|shadow_blur:50|shadow_spread:0|box_shadow_color:rgba(0%2C0%2C0%2C0.35)\u00bb responsive_styles=\u00bbpadding_left_desktop:20|padding_right_desktop:20|padding_left_mobile:20|padding_right_mobile:20&#8243;][vc_row_inner][vc_column_inner width=\u00bb1\/12&#8243;][\/vc_column_inner][vc_column_inner width=\u00bb10\/12&#8243;][vc_column_text] Reestablecer contrase\u00f1a [\/vc_column_text][vc_column_text] \u00a1Bienvenido al sitio web\" \/>\n<meta property=\"og:url\" content=\"https:\/\/moxiemicromobility.com\/es\/moxie-business\/reestablecer-contrasena\/\" \/>\n<meta property=\"og:site_name\" content=\"Moxie Micromobility\" \/>\n<meta property=\"article:publisher\" content=\"https:\/\/www.facebook.com\/moxiemicromobility\/\" \/>\n<meta property=\"article:modified_time\" content=\"2023-04-17T10:35:43+00:00\" \/>\n<meta property=\"og:image\" content=\"https:\/\/moxiemicromobility.com\/wp-content\/uploads\/2022\/12\/moxie-corporate-1024x640.jpg\" \/>\n<meta name=\"twitter:card\" content=\"summary_large_image\" \/>\n<meta name=\"twitter:image\" content=\"https:\/\/moxiemicromobility.com\/wp-content\/uploads\/2022\/12\/moxie-corporate.jpg\" \/>\n<meta name=\"twitter:site\" content=\"@moxiemobility\" \/>\n<meta name=\"twitter:label1\" content=\"Tiempo de lectura\" \/>\n\t<meta name=\"twitter:data1\" content=\"7 minutos\" \/>\n<script type=\"application\/ld+json\" class=\"yoast-schema-graph\">{\"@context\":\"https:\/\/schema.org\",\"@graph\":[{\"@type\":\"WebPage\",\"@id\":\"https:\/\/moxiemicromobility.com\/es\/moxie-business\/reestablecer-contrasena\/\",\"url\":\"https:\/\/moxiemicromobility.com\/es\/moxie-business\/reestablecer-contrasena\/\",\"name\":\"Reestablecer contrase\u00f1a - Moxie Micromobility\",\"isPartOf\":{\"@id\":\"https:\/\/moxiemicromobility.com\/es\/#website\"},\"datePublished\":\"2021-08-16T22:37:03+00:00\",\"dateModified\":\"2023-04-17T10:35:43+00:00\",\"breadcrumb\":{\"@id\":\"https:\/\/moxiemicromobility.com\/es\/moxie-business\/reestablecer-contrasena\/#breadcrumb\"},\"inLanguage\":\"es\",\"potentialAction\":[{\"@type\":\"ReadAction\",\"target\":[\"https:\/\/moxiemicromobility.com\/es\/moxie-business\/reestablecer-contrasena\/\"]}]},{\"@type\":\"BreadcrumbList\",\"@id\":\"https:\/\/moxiemicromobility.com\/es\/moxie-business\/reestablecer-contrasena\/#breadcrumb\",\"itemListElement\":[{\"@type\":\"ListItem\",\"position\":1,\"name\":\"Inicio\",\"item\":\"https:\/\/moxiemicromobility.com\/es\/moxie-micromobility\/\"},{\"@type\":\"ListItem\",\"position\":2,\"name\":\"Portal para empresas Moxie\",\"item\":\"https:\/\/moxiemicromobility.com\/es\/moxie-business\/\"},{\"@type\":\"ListItem\",\"position\":3,\"name\":\"Reestablecer contrase\u00f1a\"}]},{\"@type\":\"WebSite\",\"@id\":\"https:\/\/moxiemicromobility.com\/es\/#website\",\"url\":\"https:\/\/moxiemicromobility.com\/es\/\",\"name\":\"Moxie Micromobility\",\"description\":\"Moxie Micromobility es una soluci\u00f3n de movilidad el\u00e9ctrica personal, hol\u00edstica y de primera calidad, dise\u00f1ada para potenciar el movimiento de las personas. \",\"publisher\":{\"@id\":\"https:\/\/moxiemicromobility.com\/es\/#organization\"},\"potentialAction\":[{\"@type\":\"SearchAction\",\"target\":{\"@type\":\"EntryPoint\",\"urlTemplate\":\"https:\/\/moxiemicromobility.com\/es\/?s={search_term_string}\"},\"query-input\":\"required name=search_term_string\"}],\"inLanguage\":\"es\"},{\"@type\":\"Organization\",\"@id\":\"https:\/\/moxiemicromobility.com\/es\/#organization\",\"name\":\"Moxie Micromobility\",\"url\":\"https:\/\/moxiemicromobility.com\/es\/\",\"logo\":{\"@type\":\"ImageObject\",\"inLanguage\":\"es\",\"@id\":\"https:\/\/moxiemicromobility.com\/es\/#\/schema\/logo\/image\/\",\"url\":\"https:\/\/moxiemicromobility.com\/wp-content\/uploads\/2022\/06\/moxie-micromobility-logo-1920x1080-1-1920x1080.jpg\",\"contentUrl\":\"https:\/\/moxiemicromobility.com\/wp-content\/uploads\/2022\/06\/moxie-micromobility-logo-1920x1080-1-1920x1080.jpg\",\"width\":1920,\"height\":1080,\"caption\":\"Moxie Micromobility\"},\"image\":{\"@id\":\"https:\/\/moxiemicromobility.com\/es\/#\/schema\/logo\/image\/\"},\"sameAs\":[\"https:\/\/www.facebook.com\/moxiemicromobility\/\",\"https:\/\/twitter.com\/moxiemobility\",\"https:\/\/www.instagram.com\/moxiemicromobility\/\",\"https:\/\/www.linkedin.com\/company\/moxiemicromobility\/\",\"https:\/\/www.pinterest.com\/moxiemicromobility\",\"https:\/\/www.youtube.com\/channel\/UCESX18SdP9a9YFlJ5DkfRPA\"]}]}<\/script>\n<!-- \/ Yoast SEO plugin. -->","yoast_head_json":{"title":"Reestablecer contrase\u00f1a - Moxie Micromobility","robots":{"index":"noindex","follow":"nofollow"},"og_locale":"es_ES","og_type":"article","og_title":"Reestablecer contrase\u00f1a - Moxie Micromobility","og_description":"[vc_row bg_check=\u00bbrow-background-dark\u00bb dfd_bg_style=\u00bbimage\u00bb dfd_bg_image_new=\u00bb8055&#8243; dfd_bg_image_repeat=\u00bbno-repeat\u00bb dfd_bg_img_attach=\u00bbfixed\u00bb dfd_overlay_color=\u00bb#000000&#8243; dfd_overlay_pattern=\u00bbtransperant\u00bb dfd_overlay_pattern_opacity=\u00bb50&#8243; css=\u00bb.vc_custom_1679486746825{background-position: center !important;background-repeat: no-repeat !important;background-size: cover !important;}\u00bb dfd_bg_image_new_responsive=\u00bb9806&#8243;][vc_column dfd_column_responsive_enable=\u00bbdfd-column-responsive-enable\u00bb col_shadow=\u00bbbox_shadow_enable:disable|shadow_horizontal:0|shadow_vertical:15|shadow_blur:50|shadow_spread:0|box_shadow_color:rgba(0%2C0%2C0%2C0.35)\u00bb col_shadow_hover=\u00bbbox_shadow_enable:disable|shadow_horizontal:0|shadow_vertical:15|shadow_blur:50|shadow_spread:0|box_shadow_color:rgba(0%2C0%2C0%2C0.35)\u00bb responsive_styles=\u00bbpadding_left_desktop:20|padding_right_desktop:20|padding_left_mobile:20|padding_right_mobile:20&#8243;][vc_row_inner][vc_column_inner width=\u00bb1\/12&#8243;][\/vc_column_inner][vc_column_inner width=\u00bb10\/12&#8243;][vc_column_text] Reestablecer contrase\u00f1a [\/vc_column_text][vc_column_text] \u00a1Bienvenido al sitio web","og_url":"https:\/\/moxiemicromobility.com\/es\/moxie-business\/reestablecer-contrasena\/","og_site_name":"Moxie Micromobility","article_publisher":"https:\/\/www.facebook.com\/moxiemicromobility\/","article_modified_time":"2023-04-17T10:35:43+00:00","og_image":[{"url":"https:\/\/moxiemicromobility.com\/wp-content\/uploads\/2022\/12\/moxie-corporate-1024x640.jpg"}],"twitter_card":"summary_large_image","twitter_image":"https:\/\/moxiemicromobility.com\/wp-content\/uploads\/2022\/12\/moxie-corporate.jpg","twitter_site":"@moxiemobility","twitter_misc":{"Tiempo de lectura":"7 minutos"},"schema":{"@context":"https:\/\/schema.org","@graph":[{"@type":"WebPage","@id":"https:\/\/moxiemicromobility.com\/es\/moxie-business\/reestablecer-contrasena\/","url":"https:\/\/moxiemicromobility.com\/es\/moxie-business\/reestablecer-contrasena\/","name":"Reestablecer contrase\u00f1a - Moxie Micromobility","isPartOf":{"@id":"https:\/\/moxiemicromobility.com\/es\/#website"},"datePublished":"2021-08-16T22:37:03+00:00","dateModified":"2023-04-17T10:35:43+00:00","breadcrumb":{"@id":"https:\/\/moxiemicromobility.com\/es\/moxie-business\/reestablecer-contrasena\/#breadcrumb"},"inLanguage":"es","potentialAction":[{"@type":"ReadAction","target":["https:\/\/moxiemicromobility.com\/es\/moxie-business\/reestablecer-contrasena\/"]}]},{"@type":"BreadcrumbList","@id":"https:\/\/moxiemicromobility.com\/es\/moxie-business\/reestablecer-contrasena\/#breadcrumb","itemListElement":[{"@type":"ListItem","position":1,"name":"Inicio","item":"https:\/\/moxiemicromobility.com\/es\/moxie-micromobility\/"},{"@type":"ListItem","position":2,"name":"Portal para empresas Moxie","item":"https:\/\/moxiemicromobility.com\/es\/moxie-business\/"},{"@type":"ListItem","position":3,"name":"Reestablecer contrase\u00f1a"}]},{"@type":"WebSite","@id":"https:\/\/moxiemicromobility.com\/es\/#website","url":"https:\/\/moxiemicromobility.com\/es\/","name":"Moxie Micromobility","description":"Moxie Micromobility es una soluci\u00f3n de movilidad el\u00e9ctrica personal, hol\u00edstica y de primera calidad, dise\u00f1ada para potenciar el movimiento de las personas. ","publisher":{"@id":"https:\/\/moxiemicromobility.com\/es\/#organization"},"potentialAction":[{"@type":"SearchAction","target":{"@type":"EntryPoint","urlTemplate":"https:\/\/moxiemicromobility.com\/es\/?s={search_term_string}"},"query-input":"required name=search_term_string"}],"inLanguage":"es"},{"@type":"Organization","@id":"https:\/\/moxiemicromobility.com\/es\/#organization","name":"Moxie Micromobility","url":"https:\/\/moxiemicromobility.com\/es\/","logo":{"@type":"ImageObject","inLanguage":"es","@id":"https:\/\/moxiemicromobility.com\/es\/#\/schema\/logo\/image\/","url":"https:\/\/moxiemicromobility.com\/wp-content\/uploads\/2022\/06\/moxie-micromobility-logo-1920x1080-1-1920x1080.jpg","contentUrl":"https:\/\/moxiemicromobility.com\/wp-content\/uploads\/2022\/06\/moxie-micromobility-logo-1920x1080-1-1920x1080.jpg","width":1920,"height":1080,"caption":"Moxie Micromobility"},"image":{"@id":"https:\/\/moxiemicromobility.com\/es\/#\/schema\/logo\/image\/"},"sameAs":["https:\/\/www.facebook.com\/moxiemicromobility\/","https:\/\/twitter.com\/moxiemobility","https:\/\/www.instagram.com\/moxiemicromobility\/","https:\/\/www.linkedin.com\/company\/moxiemicromobility\/","https:\/\/www.pinterest.com\/moxiemicromobility","https:\/\/www.youtube.com\/channel\/UCESX18SdP9a9YFlJ5DkfRPA"]}]}},"_links":{"self":[{"href":"https:\/\/moxiemicromobility.com\/es\/wp-json\/wp\/v2\/pages\/13310"}],"collection":[{"href":"https:\/\/moxiemicromobility.com\/es\/wp-json\/wp\/v2\/pages"}],"about":[{"href":"https:\/\/moxiemicromobility.com\/es\/wp-json\/wp\/v2\/types\/page"}],"author":[{"embeddable":true,"href":"https:\/\/moxiemicromobility.com\/es\/wp-json\/wp\/v2\/users\/1"}],"replies":[{"embeddable":true,"href":"https:\/\/moxiemicromobility.com\/es\/wp-json\/wp\/v2\/comments?post=13310"}],"version-history":[{"count":20,"href":"https:\/\/moxiemicromobility.com\/es\/wp-json\/wp\/v2\/pages\/13310\/revisions"}],"predecessor-version":[{"id":21345,"href":"https:\/\/moxiemicromobility.com\/es\/wp-json\/wp\/v2\/pages\/13310\/revisions\/21345"}],"up":[{"embeddable":true,"href":"https:\/\/moxiemicromobility.com\/es\/wp-json\/wp\/v2\/pages\/13301"}],"wp:featuredmedia":[{"embeddable":true,"href":"https:\/\/moxiemicromobility.com\/es\/wp-json\/wp\/v2\/media\/17695"}],"wp:attachment":[{"href":"https:\/\/moxiemicromobility.com\/es\/wp-json\/wp\/v2\/media?parent=13310"}],"curies":[{"name":"wp","href":"https:\/\/api.w.org\/{rel}","templated":true}]}}