{"id":13088,"date":"2021-04-21T08:43:21","date_gmt":"2021-04-21T08:43:21","guid":{"rendered":"https:\/\/moxiemicromobility.com\/politica-de-cookies\/"},"modified":"2023-02-13T10:01:08","modified_gmt":"2023-02-13T10:01:08","slug":"politica-de-cookies","status":"publish","type":"page","link":"https:\/\/moxiemicromobility.com\/es\/politica-de-cookies\/","title":{"rendered":"Pol\u00edtica de cookies"},"content":{"rendered":"<p>[vc_row][vc_column]<div class=\"dfd-spacer-module\"  data-units=\"px\" data-wide_resolution=\"1280\" data-wide_size=\"100\" data-normal_resolution=\"1024\" data-normal_size=\"100\" data-tablet_resolution=\"800\" data-tablet_size=\"100\" data-mobile_resolution=\"480\" data-mobile_size=\"100\" style=\"height: 100px;\"><\/div>[vc_column_text]<\/p>\n<h1 style=\"text-align: justify;\">Pol\u00edtica de cookies<\/h1>\n<p style=\"text-align: justify;\"><b>Moxie Micromobility<\/b> informa sobre el uso de cookies en su sitio web: <a href=\"https:\/\/www.moxiemicromobility.com\">www.moxiemicromobility.com<\/a><\/p>\n<h6>1. Introducci\u00f3n<\/h6>\n<p>Nuestro sitio web, https:\/\/moxiemicromobility.com (en adelante: \u00abel sitio web\u00bb) utiliza cookies y otras tecnolog\u00edas relacionadas (por conveniencia, todas las tecnolog\u00edas se denominan \u00abcookies\u00bb). Las cookies tambi\u00e9n son colocadas por terceros que hemos contratado. En el siguiente documento le informamos sobre el uso de cookies en nuestro sitio web.<\/p>\n<h6>2. \u00bfQu\u00e9 son las cookies?<\/h6>\n<p>Una cookie es un peque\u00f1o archivo simple que se env\u00eda junto con las p\u00e1ginas de este sitio web y que su navegador almacena en el disco duro de su computadora u otro dispositivo. La informaci\u00f3n almacenada en \u00e9l puede devolverse a nuestros servidores o a los servidores de los terceros correspondientes durante una visita posterior.<\/p>\n<h6>3. \u00bfQu\u00e9 son los scripts?<\/h6>\n<p>Un script es un fragmento de c\u00f3digo de programa que se utiliza para hacer que nuestro sitio web funcione de forma adecuada e interactiva. Este c\u00f3digo se ejecuta en nuestro servidor o en su dispositivo.<\/p>\n<h6>4. \u00bfQu\u00e9 es una cookie web?<\/h6>\n<p>Una cookie web (o una etiqueta de p\u00edxel) es un fragmento de texto o imagen peque\u00f1o e invisible en un sitio web que se utiliza para monitorear el tr\u00e1fico en un sitio web. Para hacer esto, se almacenan varios datos sobre usted mediante cookies web.<\/p>\n<h6>5. Cookies<\/h6>\n<p><strong>5.1 Cookies t\u00e9cnicas o funcionales<\/strong><\/p>\n<p>Algunas cookies aseguran que ciertas partes del sitio web funcionen correctamente y que se conozcan sus preferencias de usuario. Al colocar cookies funcionales, le facilitamos la visita a nuestro sitio web. De esta manera, no necesita ingresar repetidamente la misma informaci\u00f3n cuando visita nuestro sitio web y, por ejemplo, los art\u00edculos permanecen en su carrito de compras hasta que haya pagado. Podemos colocar estas cookies sin su consentimiento.<\/p>\n<p><strong>5.2 Cookies anal\u00edticas<\/strong><\/p>\n<p>Utilizamos cookies anal\u00edticas para optimizar la experiencia del sitio web para nuestros usuarios. Con estas cookies anal\u00edticas obtenemos informaci\u00f3n sobre el uso de nuestro sitio web. Le pedimos su permiso para colocar cookies anal\u00edticas.<\/p>\n<p><strong>5.3 Cookies de marketing\/seguimiento<\/strong><\/p>\n<p>Las cookies de marketing\/seguimiento son cookies o cualquier otra forma de almacenamiento local, que se utilizan para crear perfiles de usuario para mostrar publicidad o rastrear al usuario en este sitio web o en varios sitios web con fines de marketing similares.<\/p>\n<p><strong>5.4 Botones de redes sociales<\/strong><\/p>\n<p>En nuestro sitio web hemos incluido botones para Facebook e Instagram para promocionar p\u00e1ginas web (por ejemplo, \u00abme gusta\u00bb, \u00abpin\u00bb) o compartir (por ejemplo, \u00abtweet\u00bb) en redes sociales como Facebook e Instagram. Estos botones funcionan usando piezas de c\u00f3digo provenientes de Facebook e Instagram. Este c\u00f3digo coloca cookies. Estos botones de redes sociales tambi\u00e9n pueden almacenar y procesar cierta informaci\u00f3n, por lo que se le puede mostrar un anuncio personalizado.<\/p>\n<p>Lea la declaraci\u00f3n de privacidad de estas redes sociales (que puede cambiar regularmente) para saber qu\u00e9 hacen con sus datos (personales) que procesan utilizando estas cookies. Los datos que se recuperan se anonimizan tanto como sea posible. Facebook e Instagram se encuentran en los Estados Unidos.<\/p>\n<h6>6. Cookies utilizadas<\/h6>\n<p>A continuaci\u00f3n se identifican las cookies que est\u00e1n siendo utilizadas en este portal:<\/p>\n<p><strong>WordPress: Funcional<\/strong><\/p>\n<ul>\n<li>Uso: Utilizamos WordPress para el desarrollo de sitios web.<\/li>\n<li>Compartir datos: estos datos no se comparten con terceros.<\/li>\n<li>Nombre: WP_DATA_USER_*\n<ul>\n<li>Retenci\u00f3n: sesi\u00f3n<\/li>\n<li>Funci\u00f3n: almacenar las preferencias del usuario<\/li>\n<\/ul>\n<\/li>\n<li>Nombre: wp-api-schema-model*\n<ul>\n<li>Retenci\u00f3n: sesi\u00f3n<\/li>\n<\/ul>\n<\/li>\n<li>Nombre: wordpress_test_cookie\n<ul>\n<li>Retenci\u00f3n: ninguna<\/li>\n<li>Funci\u00f3n: comprobar si se pueden utilizar cookies<\/li>\n<\/ul>\n<\/li>\n<li>Nombre: wordpress_logged_in_*\n<ul>\n<li>Retenci\u00f3n: sesi\u00f3n<\/li>\n<li>Funci\u00f3n: mantener a los usuarios conectados<\/li>\n<\/ul>\n<\/li>\n<\/ul>\n<p><strong>Compositor Visual: Funcional<\/strong><\/p>\n<ul>\n<li>Uso: Utilizamos Visual Composer para el dise\u00f1o de sitios web.<\/li>\n<li>Compartir datos: estos datos no se comparten con terceros.<\/li>\n<li>Nombre: vchideactivationmsg_vc11\n<ul>\n<li>Retenci\u00f3n: 30 d\u00edas<\/li>\n<li>Funci\u00f3n: almacenar un n\u00famero de versi\u00f3n para actualizaciones<\/li>\n<\/ul>\n<\/li>\n<\/ul>\n<p><strong>Google reCAPTCHA: marketing\/seguimiento<\/strong><\/p>\n<ul>\n<li>Uso: Utilizamos Google reCAPTCHA para la prevenci\u00f3n de spam.<\/li>\n<li>Compartir datos: para obtener m\u00e1s informaci\u00f3n, lea la <a href=\"https:\/\/policies.google.com\/privacy\" target=\"_blank\" rel=\"noopener\">Google reCAPTCHA Privacy Statement<\/a>.<\/li>\n<li>Nombre: rc::c\n<ul>\n<li>Retention: session<\/li>\n<li>Function: Filter requests from bots<\/li>\n<\/ul>\n<\/li>\n<li>Nombre: rc::b\n<ul>\n<li>Retention: session<\/li>\n<li>Function: Filter requests from bots<\/li>\n<\/ul>\n<\/li>\n<li>Nombre: rc::a\n<ul>\n<li>Retention: persistent<\/li>\n<li>Function: Filter requests from bots<\/li>\n<\/ul>\n<\/li>\n<\/ul>\n<p><strong>Google Analytics: Marketing\/Tracking<br \/>\n<\/strong><\/p>\n<ul>\n<li>Uso: We use Google Analytics for statistical data measurement.<\/li>\n<li>Nombre: GA\n<ul>\n<li>Retention: 2 years<\/li>\n<li>Function: statistical data measurement<\/li>\n<\/ul>\n<\/li>\n<li>Nombre: _gid\n<ul>\n<li>Retention: 1 day<\/li>\n<li>Function: statistical data measurement<\/li>\n<\/ul>\n<\/li>\n<\/ul>\n<p><strong>COMPLIANZ.IO: Marketing\/Tracking<br \/>\n<\/strong><\/p>\n<ul>\n<li>Usage: We use COMPLIANZ.IO for statistical data measurement.<\/li>\n<li>Nombre: cmplz_consent_status\n<ul>\n<li>Retention: 1 year<\/li>\n<li>Function: statistical data measurement<\/li>\n<\/ul>\n<\/li>\n<li>Nombre: cmplz_statistics\n<ul>\n<li>Retention: 1 year<\/li>\n<li>Function: statistical data measurement<\/li>\n<\/ul>\n<\/li>\n<li>Nombre: cmplz_statistics-anonymous\n<ul>\n<li>Retention: 1 year<\/li>\n<li>Function: statistical data measurement<\/li>\n<\/ul>\n<\/li>\n<li>Nombre: cmplz_functional\n<ul>\n<li>Retention: 1 year<\/li>\n<li>Function: statistical data measurement<\/li>\n<\/ul>\n<\/li>\n<li>Nombre: cmplz_marketing\n<ul>\n<li>Retention: 1 year<\/li>\n<li>Function: statistical data measurement<\/li>\n<\/ul>\n<\/li>\n<\/ul>\n<p><strong>Vimeo: Statistics<br \/>\n<\/strong><\/p>\n<ul>\n<li>Uso: We use Vimeo for video display.<\/li>\n<li>Sharing data: For more information, please read the <a href=\"https:\/\/vimeo.com\/privacy\" target=\"_blank\" rel=\"noopener\">Vimeo Privacy Statement<\/a>.<\/li>\n<li>Nombre: __utmt_player\n<ul>\n<li>Retention: 10 minutes<\/li>\n<li>Function: Store and track audience reach<\/li>\n<\/ul>\n<\/li>\n<li>Nombre: vuid\n<ul>\n<li>Retention: 2 years<\/li>\n<li>Function: Store the user\u2019s usage history<\/li>\n<\/ul>\n<\/li>\n<\/ul>\n<p><strong>YouTube: Marketing\/Tracking, Functional, Statistics<br \/>\n<\/strong><\/p>\n<ul>\n<li>Uso: We use YouTube for video display.<\/li>\n<li>Sharing data: For more information, please read the <a href=\"https:\/\/policies.google.com\/privacy\" target=\"_blank\" rel=\"noopener\">YouTube Privacy Statement<\/a>.<\/li>\n<li>Nombre: GPS\n<ul>\n<li>Tipo: Marketing\/Tracking<\/li>\n<li>Retention: session<\/li>\n<li>Function: Store location data<\/li>\n<\/ul>\n<\/li>\n<li>Nombre: VISITOR_INFO1_LIVE\n<ul>\n<li>Tipo: Funcional<\/li>\n<li>Retention: 6 meses<\/li>\n<li>Funcion: Estimate<\/li>\n<\/ul>\n<\/li>\n<li>Nombre: YSC\n<ul>\n<li>Tipo: Statistics<\/li>\n<li>Retention: session<\/li>\n<li>Function: Store a unique user ID<\/li>\n<\/ul>\n<\/li>\n<li>Nombre: PREF\n<ul>\n<li>Tipo: Estad\u00edsticas<\/li>\n<li>Retenci\u00f3n: 1 a\u00f1o<\/li>\n<li>Funci\u00f3n: almacenar y realizar un seguimiento de las visitas en los sitios web<\/li>\n<\/ul>\n<\/li>\n<\/ul>\n<p><strong>Facebook: Marketing\/Seguimiento<\/strong><\/p>\n<ul>\n<li>Compartir datos: estos datos no se comparten con terceros.<\/li>\n<li>Nombre: actpresence\n<ul>\n<li>Tipo: 1 a\u00f1o<\/li>\n<li>Retenci\u00f3n: sesi\u00f3n<\/li>\n<li>Funci\u00f3n: administrar la frecuencia de visualizaci\u00f3n de anuncios<\/li>\n<\/ul>\n<\/li>\n<\/ul>\n<h6>7. Sus derechos con respecto a los datos personales<\/h6>\n<p>Tiene los siguientes derechos con respecto a sus datos personales:<\/p>\n<ul>\n<li>Tiene derecho a saber por qu\u00e9 se necesitan sus datos personales, qu\u00e9 suceder\u00e1 con ellos y durante cu\u00e1nto tiempo se conservar\u00e1n.<\/li>\n<li>Derecho de acceso: Tiene derecho a acceder a sus datos personales que conocemos.<\/li>\n<li>Derecho de rectificaci\u00f3n: tiene derecho a que se complementen, corrijan, eliminen o bloqueen sus datos personales cuando lo deseen.<\/li>\n<li>Si nos da su consentimiento para procesar sus datos, tiene derecho a revocar ese consentimiento y a que se eliminen sus datos personales.<\/li>\n<li>Derecho a transferir sus datos: tiene derecho a solicitar todos sus datos personales al controlador y transferirlos en su totalidad a otro controlador.<\/li>\n<li>Derecho de oposici\u00f3n: puede oponerse al tratamiento de sus datos. Cumplimos con esto, a menos que existan motivos justificados para el procesamiento.<\/li>\n<\/ul>\n<p>Para ejercer estos derechos, p\u00f3ngase en contacto con nosotros. Consulte los datos de contacto en la parte inferior de esta Pol\u00edtica de cookies. Si tiene una queja sobre c\u00f3mo manejamos sus datos, nos gustar\u00eda saber de usted, pero tambi\u00e9n tiene derecho a presentar una queja ante la autoridad de control (la Autoridad de Protecci\u00f3n de Datos).<\/p>\n<h6>8. Desactivaci\u00f3n, rechazo y eliminaci\u00f3n de cookies<\/h6>\n<p style=\"text-align: justify;\">Puedes permitir, bloquear o eliminar las cookies instaladas en tu equipo mediante la configuraci\u00f3n de las opciones del navegador instalado en tu ordenador. Al deshabilitar las cookies, algunos de los servicios disponibles pueden dejar de estar operativos.<\/p>\n<ul>\n<li>Firefox: <a href=\"https:\/\/support.mozilla.org\/es\/kb\/habilitar-y-deshabilitar-cookies-sitios-web-rastrear-preferencias?redirectslug=habilitar-y-deshabilitar-cookies-que-los-sitios-we&amp;redirectlocale=es\" target=\"_blank\" rel=\"noopener\">https:\/\/support.mozilla.org\/es\/kb\/habilitar-y-deshabilitar-cookies-sitios-web-rastrear-preferencias?redirectslug=habilitar-y-deshabilitar-cookies-que-los-sitios-we&amp;redirectlocale=es<\/a><\/li>\n<li>Chrome: <a href=\"http:\/\/support.google.com\/chrome\/bin\/answer.py?hl=es&amp;answer=95647\" target=\"_blank\" rel=\"noopener\">http:\/\/support.google.com\/chrome\/bin\/answer.py?hl=es&amp;answer=95647<\/a><\/li>\n<li>Explorer: <a href=\"http:\/\/windows.microsoft.com\/es-es\/windows7\/how-to-manage-cookies-in-internet-explorer-9\" target=\"_blank\" rel=\"noopener\">http:\/\/windows.microsoft.com\/es-es\/windows7\/how-to-manage-cookies-in-internet-explorer-9<\/a><\/li>\n<li>Safari: <a href=\"http:\/\/support.apple.com\/kb\/ph5042\" target=\"_blank\" rel=\"noopener\">http:\/\/support.apple.com\/kb\/ph5042<\/a><\/li>\n<li>Opera: <a href=\"http:\/\/help.opera.com\/Windows\/11.50\/es-ES\/cookies.html\" target=\"_blank\" rel=\"noopener\">http:\/\/help.opera.com\/Windows\/11.50\/es-ES\/cookies.html<\/a><\/li>\n<li>Otros navegadores: Consultar la documentaci\u00f3n del navegador.<\/li>\n<\/ul>\n<h6>9. Cambios en la Pol\u00edtica de Cookies<\/h6>\n<p style=\"text-align: justify;\">Es posible que la Pol\u00edtica de Cookies del Sitio Web cambie o se actualice, por ello es recomendable que el Usuario revise esta pol\u00edtica cada vez que acceda al Sitio Web con el objetivo de estar adecuadamente informado sobre c\u00f3mo y para qu\u00e9 usamos las cookies.<\/p>\n<p>&nbsp;[\/vc_column_text]<div class=\"dfd-spacer-module\"  data-units=\"px\" data-wide_resolution=\"1280\" data-wide_size=\"100\" data-normal_resolution=\"1024\" data-normal_size=\"100\" data-tablet_resolution=\"800\" data-tablet_size=\"100\" data-mobile_resolution=\"480\" data-mobile_size=\"100\" style=\"height: 100px;\"><\/div>[\/vc_column][\/vc_row][vc_row force_equal_height_columns=\u00bbmain_row\u00bb dfd_row_config=\u00bbfull_width_content\u00bb mobile_destroy_equal_heights=\u00bbyes\u00bb][vc_column width=\u00bb1\/6&#8243; col_shadow=\u00bbbox_shadow_enable:disable|shadow_horizontal:0|shadow_vertical:15|shadow_blur:50|shadow_spread:0|box_shadow_color:rgba(0%2C0%2C0%2C0.35)\u00bb col_shadow_hover=\u00bbbox_shadow_enable:disable|shadow_horizontal:0|shadow_vertical:15|shadow_blur:50|shadow_spread:0|box_shadow_color:rgba(0%2C0%2C0%2C0.35)\u00bb]<div class=\"dfd-spacer-module\"  data-units=\"px\" data-wide_resolution=\"1280\" data-wide_size=\"20\" data-normal_resolution=\"1024\" data-normal_size=\"20\" data-tablet_resolution=\"800\" data-tablet_size=\"20\" data-mobile_resolution=\"480\" data-mobile_size=\"20\" style=\"height: 20px;\"><\/div>[vc_single_image image=\u00bb11780&#8243; img_size=\u00bbfull\u00bb alignment=\u00bbcenter\u00bb img_link_target=\u00bb_blank\u00bb onclick=\u00bbcustom_link\u00bb link=\u00bbhttps:\/\/www.instagram.com\/moxiemicromobility\/\u00bb]<div class=\"dfd-spacer-module\"  data-units=\"px\" data-wide_resolution=\"1280\" data-wide_size=\"20\" data-normal_resolution=\"1024\" data-normal_size=\"20\" data-tablet_resolution=\"800\" data-tablet_size=\"20\" data-mobile_resolution=\"480\" data-mobile_size=\"20\" style=\"height: 20px;\"><\/div>[vc_column_text]<\/p>\n<h6 style=\"text-align: center;\">S\u00cdGUENOS<\/h6>\n<p style=\"text-align: center; font-size: 12px; line-height: 20px;\"><a style=\"font-size: 12px; line-height: 20px;\" href=\"https:\/\/www.instagram.com\/moxiemicromobility\/\" target=\"_blank\" rel=\"noopener\">@moxiemicromobility<\/a><\/p>\n<p>[\/vc_column_text]<div class=\"dfd-spacer-module\"  data-units=\"px\" data-wide_resolution=\"1280\" data-wide_size=\"20\" data-normal_resolution=\"1024\" data-normal_size=\"20\" data-tablet_resolution=\"800\" data-tablet_size=\"20\" data-mobile_resolution=\"480\" data-mobile_size=\"20\" style=\"height: 20px;\"><\/div>[\/vc_column][vc_column width=\u00bb5\/6&#8243; col_shadow=\u00bbbox_shadow_enable:disable|shadow_horizontal:0|shadow_vertical:15|shadow_blur:50|shadow_spread:0|box_shadow_color:rgba(0%2C0%2C0%2C0.35)\u00bb col_shadow_hover=\u00bbbox_shadow_enable:disable|shadow_horizontal:0|shadow_vertical:15|shadow_blur:50|shadow_spread:0|box_shadow_color:rgba(0%2C0%2C0%2C0.35)\u00bb][vc_raw_html]W2luc3RhZ3JhbS1mZWVkXQ==[\/vc_raw_html][\/vc_column][\/vc_row][vc_row bg_check=\u00bbrow-background-dark\u00bb dfd_row_config=\u00bbfull_width_content\u00bb][vc_column]<div class=\"dfd-spacer-module\"  data-units=\"px\" data-wide_resolution=\"1280\" data-wide_size=\"50\" data-normal_resolution=\"1024\" data-normal_size=\"50\" data-tablet_resolution=\"800\" data-tablet_size=\"50\" data-mobile_resolution=\"480\" data-mobile_size=\"50\" style=\"height: 50px;\"><\/div>[\/vc_column][\/vc_row]<\/p>\n","protected":false},"excerpt":{"rendered":"<p>[vc_row][vc_column][vc_column_text] Pol\u00edtica de cookies Moxie Micromobility informa sobre el uso de cookies en su sitio web: www.moxiemicromobility.com 1. Introducci\u00f3n Nuestro sitio web, https:\/\/moxiemicromobility.com (en adelante: \u00abel sitio web\u00bb) utiliza cookies<\/p>\n","protected":false},"author":1,"featured_media":17695,"parent":0,"menu_order":0,"comment_status":"closed","ping_status":"open","template":"page-custom-with-header.php","meta":{"_mi_skip_tracking":false,"_monsterinsights_sitenote_active":false,"_monsterinsights_sitenote_note":"","_monsterinsights_sitenote_category":0,"footnotes":""},"yoast_head":"<!-- This site is optimized with the Yoast SEO plugin v21.6 - https:\/\/yoast.com\/wordpress\/plugins\/seo\/ -->\n<title>Pol\u00edtica de cookies - Moxie Micromobility<\/title>\n<meta name=\"description\" content=\"Moxie Micromobility informa sobre el uso de cookies en su sitio web: www.moxiemicromobility.com\" \/>\n<meta name=\"robots\" content=\"index, follow, max-snippet:-1, max-image-preview:large, max-video-preview:-1\" \/>\n<link rel=\"canonical\" href=\"https:\/\/moxiemicromobility.com\/es\/politica-de-cookies\/\" \/>\n<meta property=\"og:locale\" content=\"es_ES\" \/>\n<meta property=\"og:type\" content=\"article\" \/>\n<meta property=\"og:title\" content=\"Pol\u00edtica de cookies - Moxie Micromobility\" \/>\n<meta property=\"og:description\" content=\"Moxie Micromobility informa sobre el uso de cookies en su sitio web: www.moxiemicromobility.com\" \/>\n<meta property=\"og:url\" content=\"https:\/\/moxiemicromobility.com\/es\/politica-de-cookies\/\" \/>\n<meta property=\"og:site_name\" content=\"Moxie Micromobility\" \/>\n<meta property=\"article:publisher\" content=\"https:\/\/www.facebook.com\/moxiemicromobility\/\" \/>\n<meta property=\"article:modified_time\" content=\"2023-02-13T10:01:08+00:00\" \/>\n<meta property=\"og:image\" content=\"https:\/\/moxiemicromobility.com\/wp-content\/uploads\/2022\/12\/moxie-corporate-1024x640.jpg\" \/>\n<meta name=\"twitter:card\" content=\"summary_large_image\" \/>\n<meta name=\"twitter:image\" content=\"https:\/\/moxiemicromobility.com\/wp-content\/uploads\/2022\/12\/moxie-corporate.jpg\" \/>\n<meta name=\"twitter:site\" content=\"@moxiemobility\" \/>\n<meta name=\"twitter:label1\" content=\"Tiempo de lectura\" \/>\n\t<meta name=\"twitter:data1\" content=\"8 minutos\" \/>\n<script type=\"application\/ld+json\" class=\"yoast-schema-graph\">{\"@context\":\"https:\/\/schema.org\",\"@graph\":[{\"@type\":\"WebPage\",\"@id\":\"https:\/\/moxiemicromobility.com\/es\/politica-de-cookies\/\",\"url\":\"https:\/\/moxiemicromobility.com\/es\/politica-de-cookies\/\",\"name\":\"Pol\u00edtica de cookies - Moxie Micromobility\",\"isPartOf\":{\"@id\":\"https:\/\/moxiemicromobility.com\/es\/#website\"},\"datePublished\":\"2021-04-21T08:43:21+00:00\",\"dateModified\":\"2023-02-13T10:01:08+00:00\",\"description\":\"Moxie Micromobility informa sobre el uso de cookies en su sitio web: www.moxiemicromobility.com\",\"breadcrumb\":{\"@id\":\"https:\/\/moxiemicromobility.com\/es\/politica-de-cookies\/#breadcrumb\"},\"inLanguage\":\"es\",\"potentialAction\":[{\"@type\":\"ReadAction\",\"target\":[\"https:\/\/moxiemicromobility.com\/es\/politica-de-cookies\/\"]}]},{\"@type\":\"BreadcrumbList\",\"@id\":\"https:\/\/moxiemicromobility.com\/es\/politica-de-cookies\/#breadcrumb\",\"itemListElement\":[{\"@type\":\"ListItem\",\"position\":1,\"name\":\"Inicio\",\"item\":\"https:\/\/moxiemicromobility.com\/es\/moxie-micromobility\/\"},{\"@type\":\"ListItem\",\"position\":2,\"name\":\"Pol\u00edtica de cookies\"}]},{\"@type\":\"WebSite\",\"@id\":\"https:\/\/moxiemicromobility.com\/es\/#website\",\"url\":\"https:\/\/moxiemicromobility.com\/es\/\",\"name\":\"Moxie Micromobility\",\"description\":\"Moxie Micromobility es una soluci\u00f3n de movilidad el\u00e9ctrica personal, hol\u00edstica y de primera calidad, dise\u00f1ada para potenciar el movimiento de las personas. \",\"publisher\":{\"@id\":\"https:\/\/moxiemicromobility.com\/es\/#organization\"},\"potentialAction\":[{\"@type\":\"SearchAction\",\"target\":{\"@type\":\"EntryPoint\",\"urlTemplate\":\"https:\/\/moxiemicromobility.com\/es\/?s={search_term_string}\"},\"query-input\":\"required name=search_term_string\"}],\"inLanguage\":\"es\"},{\"@type\":\"Organization\",\"@id\":\"https:\/\/moxiemicromobility.com\/es\/#organization\",\"name\":\"Moxie Micromobility\",\"url\":\"https:\/\/moxiemicromobility.com\/es\/\",\"logo\":{\"@type\":\"ImageObject\",\"inLanguage\":\"es\",\"@id\":\"https:\/\/moxiemicromobility.com\/es\/#\/schema\/logo\/image\/\",\"url\":\"https:\/\/moxiemicromobility.com\/wp-content\/uploads\/2022\/06\/moxie-micromobility-logo-1920x1080-1-1920x1080.jpg\",\"contentUrl\":\"https:\/\/moxiemicromobility.com\/wp-content\/uploads\/2022\/06\/moxie-micromobility-logo-1920x1080-1-1920x1080.jpg\",\"width\":1920,\"height\":1080,\"caption\":\"Moxie Micromobility\"},\"image\":{\"@id\":\"https:\/\/moxiemicromobility.com\/es\/#\/schema\/logo\/image\/\"},\"sameAs\":[\"https:\/\/www.facebook.com\/moxiemicromobility\/\",\"https:\/\/twitter.com\/moxiemobility\",\"https:\/\/www.instagram.com\/moxiemicromobility\/\",\"https:\/\/www.linkedin.com\/company\/moxiemicromobility\/\",\"https:\/\/www.pinterest.com\/moxiemicromobility\",\"https:\/\/www.youtube.com\/channel\/UCESX18SdP9a9YFlJ5DkfRPA\"]}]}<\/script>\n<!-- \/ Yoast SEO plugin. -->","yoast_head_json":{"title":"Pol\u00edtica de cookies - Moxie Micromobility","description":"Moxie Micromobility informa sobre el uso de cookies en su sitio web: www.moxiemicromobility.com","robots":{"index":"index","follow":"follow","max-snippet":"max-snippet:-1","max-image-preview":"max-image-preview:large","max-video-preview":"max-video-preview:-1"},"canonical":"https:\/\/moxiemicromobility.com\/es\/politica-de-cookies\/","og_locale":"es_ES","og_type":"article","og_title":"Pol\u00edtica de cookies - Moxie Micromobility","og_description":"Moxie Micromobility informa sobre el uso de cookies en su sitio web: www.moxiemicromobility.com","og_url":"https:\/\/moxiemicromobility.com\/es\/politica-de-cookies\/","og_site_name":"Moxie Micromobility","article_publisher":"https:\/\/www.facebook.com\/moxiemicromobility\/","article_modified_time":"2023-02-13T10:01:08+00:00","og_image":[{"url":"https:\/\/moxiemicromobility.com\/wp-content\/uploads\/2022\/12\/moxie-corporate-1024x640.jpg"}],"twitter_card":"summary_large_image","twitter_image":"https:\/\/moxiemicromobility.com\/wp-content\/uploads\/2022\/12\/moxie-corporate.jpg","twitter_site":"@moxiemobility","twitter_misc":{"Tiempo de lectura":"8 minutos"},"schema":{"@context":"https:\/\/schema.org","@graph":[{"@type":"WebPage","@id":"https:\/\/moxiemicromobility.com\/es\/politica-de-cookies\/","url":"https:\/\/moxiemicromobility.com\/es\/politica-de-cookies\/","name":"Pol\u00edtica de cookies - Moxie Micromobility","isPartOf":{"@id":"https:\/\/moxiemicromobility.com\/es\/#website"},"datePublished":"2021-04-21T08:43:21+00:00","dateModified":"2023-02-13T10:01:08+00:00","description":"Moxie Micromobility informa sobre el uso de cookies en su sitio web: www.moxiemicromobility.com","breadcrumb":{"@id":"https:\/\/moxiemicromobility.com\/es\/politica-de-cookies\/#breadcrumb"},"inLanguage":"es","potentialAction":[{"@type":"ReadAction","target":["https:\/\/moxiemicromobility.com\/es\/politica-de-cookies\/"]}]},{"@type":"BreadcrumbList","@id":"https:\/\/moxiemicromobility.com\/es\/politica-de-cookies\/#breadcrumb","itemListElement":[{"@type":"ListItem","position":1,"name":"Inicio","item":"https:\/\/moxiemicromobility.com\/es\/moxie-micromobility\/"},{"@type":"ListItem","position":2,"name":"Pol\u00edtica de cookies"}]},{"@type":"WebSite","@id":"https:\/\/moxiemicromobility.com\/es\/#website","url":"https:\/\/moxiemicromobility.com\/es\/","name":"Moxie Micromobility","description":"Moxie Micromobility es una soluci\u00f3n de movilidad el\u00e9ctrica personal, hol\u00edstica y de primera calidad, dise\u00f1ada para potenciar el movimiento de las personas. ","publisher":{"@id":"https:\/\/moxiemicromobility.com\/es\/#organization"},"potentialAction":[{"@type":"SearchAction","target":{"@type":"EntryPoint","urlTemplate":"https:\/\/moxiemicromobility.com\/es\/?s={search_term_string}"},"query-input":"required name=search_term_string"}],"inLanguage":"es"},{"@type":"Organization","@id":"https:\/\/moxiemicromobility.com\/es\/#organization","name":"Moxie Micromobility","url":"https:\/\/moxiemicromobility.com\/es\/","logo":{"@type":"ImageObject","inLanguage":"es","@id":"https:\/\/moxiemicromobility.com\/es\/#\/schema\/logo\/image\/","url":"https:\/\/moxiemicromobility.com\/wp-content\/uploads\/2022\/06\/moxie-micromobility-logo-1920x1080-1-1920x1080.jpg","contentUrl":"https:\/\/moxiemicromobility.com\/wp-content\/uploads\/2022\/06\/moxie-micromobility-logo-1920x1080-1-1920x1080.jpg","width":1920,"height":1080,"caption":"Moxie Micromobility"},"image":{"@id":"https:\/\/moxiemicromobility.com\/es\/#\/schema\/logo\/image\/"},"sameAs":["https:\/\/www.facebook.com\/moxiemicromobility\/","https:\/\/twitter.com\/moxiemobility","https:\/\/www.instagram.com\/moxiemicromobility\/","https:\/\/www.linkedin.com\/company\/moxiemicromobility\/","https:\/\/www.pinterest.com\/moxiemicromobility","https:\/\/www.youtube.com\/channel\/UCESX18SdP9a9YFlJ5DkfRPA"]}]}},"_links":{"self":[{"href":"https:\/\/moxiemicromobility.com\/es\/wp-json\/wp\/v2\/pages\/13088"}],"collection":[{"href":"https:\/\/moxiemicromobility.com\/es\/wp-json\/wp\/v2\/pages"}],"about":[{"href":"https:\/\/moxiemicromobility.com\/es\/wp-json\/wp\/v2\/types\/page"}],"author":[{"embeddable":true,"href":"https:\/\/moxiemicromobility.com\/es\/wp-json\/wp\/v2\/users\/1"}],"replies":[{"embeddable":true,"href":"https:\/\/moxiemicromobility.com\/es\/wp-json\/wp\/v2\/comments?post=13088"}],"version-history":[{"count":16,"href":"https:\/\/moxiemicromobility.com\/es\/wp-json\/wp\/v2\/pages\/13088\/revisions"}],"predecessor-version":[{"id":19822,"href":"https:\/\/moxiemicromobility.com\/es\/wp-json\/wp\/v2\/pages\/13088\/revisions\/19822"}],"wp:featuredmedia":[{"embeddable":true,"href":"https:\/\/moxiemicromobility.com\/es\/wp-json\/wp\/v2\/media\/17695"}],"wp:attachment":[{"href":"https:\/\/moxiemicromobility.com\/es\/wp-json\/wp\/v2\/media?parent=13088"}],"curies":[{"name":"wp","href":"https:\/\/api.w.org\/{rel}","templated":true}]}}